{"id":577,"date":"2018-03-25T14:53:06","date_gmt":"2018-03-25T12:53:06","guid":{"rendered":"http:\/\/inpar.pl\/?page_id=577"},"modified":"2024-11-28T15:28:48","modified_gmt":"2024-11-28T14:28:48","slug":"cenniki","status":"publish","type":"page","link":"https:\/\/www.inpar.pl\/index.php\/cenniki\/","title":{"rendered":"Cenniki"},"content":{"rendered":"<div class=\"wpb-content-wrapper\"><p>[vc_row][vc_column][vc_column_text css=&#8221;&#8221;]<a href=\"https:\/\/www.inpar.pl\/wp-content\/uploads\/2024\/11\/Rekomendowany-Cennik-promocyjny-Swiatlowod-DOM-i-BLOK.pdf\">Rekomendowany Cennik promocyjny \u015awiat\u0142ow\u00f3d DOM i BLOK<\/a><\/p>\n<p><a href=\"https:\/\/www.inpar.pl\/wp-content\/uploads\/2024\/11\/Rekomendowany-cennik-Telewizji-IPTV-w-pakiecie-z-Internetem-Swiatlodowym.pdf\">Rekomendowany cennik Telewizji IPTV w pakiecie z Internetem \u015awiat\u0142odowym<\/a><\/p>\n<p><a href=\"https:\/\/www.inpar.pl\/wp-content\/uploads\/2024\/11\/Rekomendowany-Cennik-Telewizji-IPTV-bez-Internetu.pdf\">Rekomendowany Cennik Telewizji IPTV bez Internetu<\/a><\/p>\n<p><a href=\"https:\/\/www.inpar.pl\/wp-content\/uploads\/2024\/11\/Rekomendowany-cennik-IPTV-dla-Pakietow-Dodatkowych-i-Pakietow-Premium-1.odt\">Rekomendowany cennik IPTV dla Pakiet\u00f3w Dodatkowych i Pakiet\u00f3w<\/a> <a href=\"https:\/\/www.inpar.pl\/wp-content\/uploads\/2024\/11\/Rekomendowany-cennik-IPTV-dla-Pakietow-Dodatkowych-i-Pakietow-Premium-1.odt\">Premium<\/a><\/p>\n<p><a href=\"https:\/\/www.inpar.pl\/wp-content\/uploads\/2024\/11\/Rekomendowany-cennik-IPTV-dla-Pakietow-Dodatkowych-i-Pakietow-Premium.pdf\">Rekomendowany cennik IPTV dla Pakiet\u00f3w Dodatkowych i Pakiet\u00f3w \u00a0<\/a><a href=\"https:\/\/www.inpar.pl\/wp-content\/uploads\/2024\/11\/Rekomendowany-cennik-IPTV-dla-Pakietow-Dodatkowych-i-Pakietow-Premium.pdf\">Premium<\/a><\/p>\n<p><a href=\"https:\/\/www.inpar.pl\/wp-content\/uploads\/2024\/11\/Rekomendowany-cennik-Telefonia.pdf\">Rekomendowany-cennik-Telefonia<\/a><\/p>\n<p><a href=\"https:\/\/www.inpar.pl\/wp-content\/uploads\/2024\/11\/Cennik-uslug-dodatkowych-w-IN-PAR-sp.-zo.o.pdf\">Cennik us\u0142ug dodatkowych w IN-PAR sp. zo.o.<\/a><\/p>\n<p>PROMOCJA wa\u017cna od 01.01.2024 do odwo\u0142ania.<br \/>\nPromocja ograniczona czasowo i terytorialnie, ulotka nie stanowi oferty handlowej w rozumieniu przepis\u00f3w prawa.<\/p>\n<p>&nbsp;[\/vc_column_text][\/vc_column][\/vc_row]<\/p>\n<\/div>","protected":false},"excerpt":{"rendered":"<p>[vc_row][vc_column][vc_column_text css=&#8221;&#8221;]Rekomendowany Cennik promocyjny \u015awiat\u0142ow\u00f3d DOM i BLOK Rekomendowany cennik Telewizji IPTV w pakiecie z Internetem \u015awiat\u0142odowym Rekomendowany Cennik Telewizji IPTV bez Internetu Rekomendowany cennik IPTV<span class=\"excerpt-hellip\"> [\u2026]<\/span><\/p>\n","protected":false},"author":3,"featured_media":0,"parent":0,"menu_order":0,"comment_status":"closed","ping_status":"closed","template":"","meta":{"footnotes":""},"class_list":["post-577","page","type-page","status-publish","hentry"],"_links":{"self":[{"href":"https:\/\/www.inpar.pl\/index.php\/wp-json\/wp\/v2\/pages\/577","targetHints":{"allow":["GET"]}}],"collection":[{"href":"https:\/\/www.inpar.pl\/index.php\/wp-json\/wp\/v2\/pages"}],"about":[{"href":"https:\/\/www.inpar.pl\/index.php\/wp-json\/wp\/v2\/types\/page"}],"author":[{"embeddable":true,"href":"https:\/\/www.inpar.pl\/index.php\/wp-json\/wp\/v2\/users\/3"}],"replies":[{"embeddable":true,"href":"https:\/\/www.inpar.pl\/index.php\/wp-json\/wp\/v2\/comments?post=577"}],"version-history":[{"count":9,"href":"https:\/\/www.inpar.pl\/index.php\/wp-json\/wp\/v2\/pages\/577\/revisions"}],"predecessor-version":[{"id":5680,"href":"https:\/\/www.inpar.pl\/index.php\/wp-json\/wp\/v2\/pages\/577\/revisions\/5680"}],"wp:attachment":[{"href":"https:\/\/www.inpar.pl\/index.php\/wp-json\/wp\/v2\/media?parent=577"}],"curies":[{"name":"wp","href":"https:\/\/api.w.org\/{rel}","templated":true}]}}