{"id":41,"date":"2018-03-07T11:18:57","date_gmt":"2018-03-07T10:18:57","guid":{"rendered":"http:\/\/inpar.pl\/?page_id=41"},"modified":"2018-03-26T09:49:57","modified_gmt":"2018-03-26T07:49:57","slug":"bok","status":"publish","type":"page","link":"https:\/\/www.inpar.pl\/index.php\/bok\/","title":{"rendered":"Bok"},"content":{"rendered":"<div class=\"wpb-content-wrapper\"><p>[vc_row][vc_column][vc_empty_space][\/vc_column][\/vc_row][vc_row][vc_column][vc_cta h2=&#8221;Ju\u017c nied\u0142ugo Panel klienta b\u0119dzie dost\u0119pny&#8221; color=&#8221;sky&#8221; add_icon=&#8221;left&#8221; i_icon_fontawesome=&#8221;fa fa-wrench&#8221; i_size=&#8221;xl&#8221;]Zapraszamy wkr\u00f3tce[\/vc_cta][\/vc_column][\/vc_row]<\/p>\n<\/div>","protected":false},"excerpt":{"rendered":"<p>[vc_row][vc_column][vc_empty_space][\/vc_column][\/vc_row][vc_row][vc_column][vc_cta h2=&#8221;Ju\u017c nied\u0142ugo Panel klienta b\u0119dzie dost\u0119pny&#8221; color=&#8221;sky&#8221; add_icon=&#8221;left&#8221; i_icon_fontawesome=&#8221;fa fa-wrench&#8221; i_size=&#8221;xl&#8221;]Zapraszamy wkr\u00f3tce[\/vc_cta][\/vc_column][\/vc_row]<\/p>\n","protected":false},"author":3,"featured_media":0,"parent":0,"menu_order":0,"comment_status":"closed","ping_status":"closed","template":"","meta":{"footnotes":""},"class_list":["post-41","page","type-page","status-publish","hentry"],"_links":{"self":[{"href":"https:\/\/www.inpar.pl\/index.php\/wp-json\/wp\/v2\/pages\/41","targetHints":{"allow":["GET"]}}],"collection":[{"href":"https:\/\/www.inpar.pl\/index.php\/wp-json\/wp\/v2\/pages"}],"about":[{"href":"https:\/\/www.inpar.pl\/index.php\/wp-json\/wp\/v2\/types\/page"}],"author":[{"embeddable":true,"href":"https:\/\/www.inpar.pl\/index.php\/wp-json\/wp\/v2\/users\/3"}],"replies":[{"embeddable":true,"href":"https:\/\/www.inpar.pl\/index.php\/wp-json\/wp\/v2\/comments?post=41"}],"version-history":[{"count":11,"href":"https:\/\/www.inpar.pl\/index.php\/wp-json\/wp\/v2\/pages\/41\/revisions"}],"predecessor-version":[{"id":679,"href":"https:\/\/www.inpar.pl\/index.php\/wp-json\/wp\/v2\/pages\/41\/revisions\/679"}],"wp:attachment":[{"href":"https:\/\/www.inpar.pl\/index.php\/wp-json\/wp\/v2\/media?parent=41"}],"curies":[{"name":"wp","href":"https:\/\/api.w.org\/{rel}","templated":true}]}}