{"id":39,"date":"2018-03-07T11:18:40","date_gmt":"2018-03-07T10:18:40","guid":{"rendered":"http:\/\/inpar.pl\/?page_id=39"},"modified":"2021-08-20T12:08:30","modified_gmt":"2021-08-20T10:08:30","slug":"outsorcing","status":"publish","type":"page","link":"https:\/\/www.inpar.pl\/index.php\/outsorcing\/","title":{"rendered":"Us\u0142ugi dodatkowe"},"content":{"rendered":"<div class=\"wpb-content-wrapper\"><p>[vc_row equal_height=&#8221;yes&#8221;][vc_column css_animation=&#8221;none&#8221; width=&#8221;1\/2&#8243; css=&#8221;.vc_custom_1522064908177{padding-top: 50px !important;}&#8221;][vc_column_text css=&#8221;.vc_custom_1522066254810{margin-top: 10px !important;}&#8221;]<\/p>\n<h2 id=\"OutsourcingName\" style=\"text-align: center;\"><b>US\u0141UGI DODATKOWE<\/b><\/h2>\n<p>[\/vc_column_text][vc_separator color=&#8221;juicy_pink&#8221; el_width=&#8221;70&#8243; css_animation=&#8221;fadeIn&#8221;][vc_column_text]<\/p>\n<p id=\"OutsourcingText\">Uwa\u017casz, \u017ce koszty utrzymania sektora IT w Twojej firmie s\u0105 zbyt wysokie?<br \/>\nSzukasz do\u015bwiadczonego partnera technologicznego?<br \/>\nA mo\u017ce potrzebujesz pomocy przy budowie infrastruktury?[\/vc_column_text][vc_column_text]<\/p>\n<p id=\"OutsourcingText\">\u015awiadczymy szerok\u0105 ofert\u0119 us\u0142ug informatycznych kt\u00f3r\u0105 kierujemy zar\u00f3wno dla firm jak i os\u00f3b prywatnych.<br \/>\nJe\u015bli szukasz solidnej pomocy, <strong>DOBRZE TRAFI\u0141E\u015a<\/strong>![\/vc_column_text][\/vc_column][vc_column css_animation=&#8221;none&#8221; width=&#8221;1\/2&#8243; css=&#8221;.vc_custom_1522064912958{background-position: center !important;background-repeat: no-repeat !important;background-size: cover !important;}&#8221;][vc_single_image image=&#8221;527&#8243; img_size=&#8221;full&#8221;][\/vc_column][\/vc_row][vc_row full_width=&#8221;stretch_row&#8221; gap=&#8221;35&#8243; full_height=&#8221;yes&#8221; columns_placement=&#8221;stretch&#8221; equal_height=&#8221;yes&#8221; content_placement=&#8221;top&#8221; css_animation=&#8221;none&#8221; disable_element=&#8221;yes&#8221; css=&#8221;.vc_custom_1522004933639{background-color: #e2e2e2 !important;}&#8221;][vc_column css_animation=&#8221;fadeInLeft&#8221; width=&#8221;1\/3&#8243;][vc_toggle 1=&#8221;&#8221; 2=&#8221;class=&#8222;&#8222;OutsourcingCardTitle&#8222;&#8222;&gt;Us\u0142ugi&#8221; 3=&#8221;minikopark\u0105&#8221; 4=&#8221;&#8222;&#8221; title=&#8221;Us\u0142ugi minikopark\u0105&#8221; style=&#8221;simple&#8221; color=&#8221;pink&#8221; size=&#8221;lg&#8221; css_animation=&#8221;fadeIn&#8221;]<\/p>\n<ul>\n<li>Wykopu po przy\u0142\u0105cza elektryczne<\/li>\n<li>Wykopy po przy\u0142\u0105cza teletechniczne<\/li>\n<li>Wykopy po przy\u0142\u0105cza wodne i kanalizacyjne<\/li>\n<li>Przeciski pod drogami<\/li>\n<li>Wykopy pod fundamenty budynk\u00f3w i ogrodze\u0144<\/li>\n<\/ul>\n<p><img decoding=\"async\" src=\"http:\/\/inpar.pl\/wp-content\/uploads\/2018\/03\/koparka.png\" alt=\"Koparka\" \/>[\/vc_toggle][\/vc_column][vc_column css_animation=&#8221;fadeIn&#8221; width=&#8221;1\/3&#8243;][vc_toggle 1=&#8221;&#8221; 2=&#8221;class=&#8222;&#8222;OutsourcingCardTitle&#8222;&#8222;&gt;Budowa&#8221; 3=&#8221;sieci&#8221; 4=&#8221;teletechnicznych&#8221; 5=&#8221;&#8222;&#8221; title=&#8221;Budowa sieci teletechnicznych&#8221; style=&#8221;round&#8221; color=&#8221;pink&#8221; size=&#8221;lg&#8221; css_animation=&#8221;fadeIn&#8221;]<\/p>\n<ul>\n<li>Spawanie \u015bwiat\u0142owod\u00f3w<\/li>\n<li>Pomiar trakt\u00f3w \u015bwiat\u0142owodowych<img loading=\"lazy\" decoding=\"async\" class=\"alignnone size-medium wp-image-222\" src=\"http:\/\/inpar.pl\/wp-content\/uploads\/2018\/03\/koparka-300x234.png\" alt=\"\" width=\"300\" height=\"234\" srcset=\"https:\/\/www.inpar.pl\/wp-content\/uploads\/2018\/03\/koparka-300x234.png 300w, https:\/\/www.inpar.pl\/wp-content\/uploads\/2018\/03\/koparka-187x146.png 187w, https:\/\/www.inpar.pl\/wp-content\/uploads\/2018\/03\/koparka-50x39.png 50w, https:\/\/www.inpar.pl\/wp-content\/uploads\/2018\/03\/koparka-96x75.png 96w, https:\/\/www.inpar.pl\/wp-content\/uploads\/2018\/03\/koparka.png 304w\" sizes=\"auto, (max-width:767px) 300px, 300px\" \/><\/li>\n<\/ul>\n<p>[\/vc_toggle][\/vc_column][vc_column css_animation=&#8221;bounceInRight&#8221; width=&#8221;1\/3&#8243;][vc_toggle 1=&#8221;&#8221; 2=&#8221;class=&#8222;&#8222;OutsourcingCardTitle&#8222;&#8222;&gt;Us\u0142ugi&#8221; 3=&#8221;RTV&#8221; 4=&#8221;&#8222;&#8221; title=&#8221;Us\u0142ugi RTV&#8221; color=&#8221;pink&#8221; size=&#8221;lg&#8221; css_animation=&#8221;fadeIn&#8221;]<\/p>\n<ul>\n<li>Monta\u017c i ustawianie anten satelitarnych<\/li>\n<li>Monta\u017c i ustawianie anten DVB-T<\/li>\n<li>Naprawa sprz\u0119tu RTV<\/li>\n<\/ul>\n<p>[\/vc_toggle][\/vc_column][\/vc_row][vc_row equal_height=&#8221;yes&#8221;][vc_column width=&#8221;1\/3&#8243; offset=&#8221;vc_hidden-md vc_hidden-sm vc_hidden-xs&#8221;][mvc_flip_box style=&#8221;vertical&#8221; height=&#8221;&#8221; size=&#8221;&#8221; image_id=&#8221;805&#8243; title=&#8221;US\u0141UGI MIKROKOPARK\u0104,   PRZECISKI POD DROGAMI&#8221;]<\/p>\n<h3 style=\"text-align: left;\">US\u0141UGI MIKROKOPARK\u0104<\/h3>\n<pre style=\"text-align: left;\">Wykopy pod przy\u0142\u0105cza elektryczne<\/pre>\n<pre>Wykopy pod przy\u0142\u0105cza teletechniczne<\/pre>\n<pre>Wykopy pod przy\u0142\u0105cza wodne i kanalizacyjne<\/pre>\n<pre>Przeciski pod drogami<\/pre>\n<pre>Wykopy pod fundamenty budynk\u00f3w i ogrodze\u0144<\/pre>\n<p><img loading=\"lazy\" decoding=\"async\" class=\"alignnone wp-image-805 size-medium\" src=\"http:\/\/inpar.pl\/wp-content\/uploads\/2018\/04\/mini-koparka-jcb-8020-300x218.png\" alt=\"\" width=\"300\" height=\"218\" srcset=\"https:\/\/www.inpar.pl\/wp-content\/uploads\/2018\/04\/mini-koparka-jcb-8020-300x218.png 300w, https:\/\/www.inpar.pl\/wp-content\/uploads\/2018\/04\/mini-koparka-jcb-8020-201x146.png 201w, https:\/\/www.inpar.pl\/wp-content\/uploads\/2018\/04\/mini-koparka-jcb-8020-50x36.png 50w, https:\/\/www.inpar.pl\/wp-content\/uploads\/2018\/04\/mini-koparka-jcb-8020-103x75.png 103w, https:\/\/www.inpar.pl\/wp-content\/uploads\/2018\/04\/mini-koparka-jcb-8020.png 400w\" sizes=\"auto, (max-width:767px) 300px, 300px\" \/><\/p>\n<p>&nbsp;<\/p>\n<p>&nbsp;[\/mvc_flip_box][\/vc_column][vc_column width=&#8221;1\/3&#8243; offset=&#8221;vc_hidden-md vc_hidden-sm vc_hidden-xs&#8221;][mvc_flip_box style=&#8221;vertical&#8221; height=&#8221;300&#8243; size=&#8221;&#8221; image_id=&#8221;808&#8243; title=&#8221;BUDOWA SIECI TELEINFORMATYCZNYCH&#8221;]<\/p>\n<h3 style=\"text-align: left;\">BUDOWA SIECI TELEINFORMATYCZNYCH<\/h3>\n<pre>Spawanie \u015bwiat\u0142owod\u00f3w<\/pre>\n<pre>Pomiar trakt\u00f3w \u015bwiat\u0142owodowych<\/pre>\n<p><img loading=\"lazy\" decoding=\"async\" class=\"alignnone wp-image-808 size-medium\" src=\"http:\/\/inpar.pl\/wp-content\/uploads\/2018\/04\/1_LUB9_4524942_1_-300x200.jpg\" alt=\"\" width=\"300\" height=\"200\" \/>[\/mvc_flip_box][\/vc_column][vc_column width=&#8221;1\/3&#8243; offset=&#8221;vc_hidden-md vc_hidden-sm vc_hidden-xs&#8221;][mvc_flip_box style=&#8221;vertical&#8221; height=&#8221;300&#8243; size=&#8221;&#8221; image_id=&#8221;877&#8243; title=&#8221;US\u0141UGI  RTV&#8221; caption_url=&#8221;&#8221;]<\/p>\n<h3 style=\"text-align: left;\">US\u0141UGI RTV<\/h3>\n<pre>Monta\u017c i ustawianie anten satelitarnych<\/pre>\n<pre>Monta\u017c i ustawianie anten DVB-T<\/pre>\n<p><img loading=\"lazy\" decoding=\"async\" class=\"alignnone size-medium wp-image-863\" src=\"http:\/\/inpar.pl\/wp-content\/uploads\/2018\/04\/media-2636260_960_720-300x183.png\" alt=\"\" width=\"300\" height=\"183\" srcset=\"https:\/\/www.inpar.pl\/wp-content\/uploads\/2018\/04\/media-2636260_960_720-300x183.png 300w, https:\/\/www.inpar.pl\/wp-content\/uploads\/2018\/04\/media-2636260_960_720-768x469.png 768w, https:\/\/www.inpar.pl\/wp-content\/uploads\/2018\/04\/media-2636260_960_720-239x146.png 239w, https:\/\/www.inpar.pl\/wp-content\/uploads\/2018\/04\/media-2636260_960_720-50x31.png 50w, https:\/\/www.inpar.pl\/wp-content\/uploads\/2018\/04\/media-2636260_960_720-123x75.png 123w, https:\/\/www.inpar.pl\/wp-content\/uploads\/2018\/04\/media-2636260_960_720.png 960w\" sizes=\"auto, (max-width:767px) 300px, 300px\" \/><\/p>\n<p>&nbsp;<\/p>\n<p>&nbsp;[\/mvc_flip_box][\/vc_column][\/vc_row][vc_row equal_height=&#8221;yes&#8221;][vc_column offset=&#8221;vc_hidden-lg&#8221;][info_banner_vc image_id=&#8221;805&#8243;]<\/p>\n<h3 style=\"text-align: center;\">US\u0141UGI MIKROKOPARK\u0104<\/h3>\n<pre style=\"text-align: left;\">Wykopy pod przy\u0142\u0105cza elektryczne<\/pre>\n<pre>Wykopy pod przy\u0142\u0105cza teletechniczne<\/pre>\n<pre>Wykopy pod przy\u0142\u0105cza wodne i kanalizacyjne<\/pre>\n<pre>Przeciski pod drogami<\/pre>\n<pre>Wykopy pod fundamenty budynk\u00f3w i ogrodze\u0144<\/pre>\n<p>[\/info_banner_vc][info_banner_vc image_id=&#8221;808&#8243;]<\/p>\n<h3 style=\"text-align: center;\">BUDOWA SIECI TELEINFORMATYCZNYCH<\/h3>\n<pre>Spawanie \u015bwiat\u0142owod\u00f3w<\/pre>\n<pre>Pomiar trakt\u00f3w \u015bwiat\u0142owodowych<\/pre>\n<p>[\/info_banner_vc][info_banner_vc image_id=&#8221;877&#8243;]<\/p>\n<h3 style=\"text-align: center;\">US\u0141UGI RTV<\/h3>\n<pre>Monta\u017c i ustawianie anten satelitarnych<\/pre>\n<pre>Monta\u017c i ustawianie anten DVB-T<\/pre>\n<pre>Naprawa sprz\u0119tu RTV<\/pre>\n<p>[\/info_banner_vc][\/vc_column][\/vc_row][vc_row][vc_column offset=&#8221;vc_hidden-md vc_hidden-sm vc_hidden-xs&#8221;][vc_empty_space height=&#8221;500&#8243;][\/vc_column][\/vc_row]<\/p>\n<\/div>","protected":false},"excerpt":{"rendered":"<p>[vc_row equal_height=&#8221;yes&#8221;][vc_column css_animation=&#8221;none&#8221; width=&#8221;1\/2&#8243; css=&#8221;.vc_custom_1522064908177{padding-top: 50px !important;}&#8221;][vc_column_text css=&#8221;.vc_custom_1522066254810{margin-top: 10px !important;}&#8221;] US\u0141UGI DODATKOWE [\/vc_column_text][vc_separator color=&#8221;juicy_pink&#8221; el_width=&#8221;70&#8243; css_animation=&#8221;fadeIn&#8221;][vc_column_text] Uwa\u017casz, \u017ce koszty utrzymania sektora IT w Twojej firmie s\u0105<span class=\"excerpt-hellip\"> [\u2026]<\/span><\/p>\n","protected":false},"author":3,"featured_media":0,"parent":0,"menu_order":0,"comment_status":"closed","ping_status":"closed","template":"","meta":{"footnotes":""},"class_list":["post-39","page","type-page","status-publish","hentry"],"_links":{"self":[{"href":"https:\/\/www.inpar.pl\/index.php\/wp-json\/wp\/v2\/pages\/39","targetHints":{"allow":["GET"]}}],"collection":[{"href":"https:\/\/www.inpar.pl\/index.php\/wp-json\/wp\/v2\/pages"}],"about":[{"href":"https:\/\/www.inpar.pl\/index.php\/wp-json\/wp\/v2\/types\/page"}],"author":[{"embeddable":true,"href":"https:\/\/www.inpar.pl\/index.php\/wp-json\/wp\/v2\/users\/3"}],"replies":[{"embeddable":true,"href":"https:\/\/www.inpar.pl\/index.php\/wp-json\/wp\/v2\/comments?post=39"}],"version-history":[{"count":100,"href":"https:\/\/www.inpar.pl\/index.php\/wp-json\/wp\/v2\/pages\/39\/revisions"}],"predecessor-version":[{"id":1118,"href":"https:\/\/www.inpar.pl\/index.php\/wp-json\/wp\/v2\/pages\/39\/revisions\/1118"}],"wp:attachment":[{"href":"https:\/\/www.inpar.pl\/index.php\/wp-json\/wp\/v2\/media?parent=39"}],"curies":[{"name":"wp","href":"https:\/\/api.w.org\/{rel}","templated":true}]}}