{"id":384,"date":"2018-03-22T14:05:15","date_gmt":"2018-03-22T13:05:15","guid":{"rendered":"http:\/\/inpar.pl\/?page_id=384"},"modified":"2024-11-28T15:37:21","modified_gmt":"2024-11-28T14:37:21","slug":"ftth","status":"publish","type":"page","link":"https:\/\/www.inpar.pl\/index.php\/ftth\/","title":{"rendered":"ftth"},"content":{"rendered":"<div class=\"wpb-content-wrapper\"><p>[vc_row gap=&#8221;35&#8243; css_animation=&#8221;slideInDown&#8221;][vc_column width=&#8221;1\/2&#8243;][vc_single_image image=&#8221;865&#8243; img_size=&#8221;full&#8221; alignment=&#8221;center&#8221; style=&#8221;vc_box_outline&#8221;][\/vc_column][vc_column width=&#8221;1\/2&#8243; css=&#8221;.vc_custom_1522007644873{padding-top: 10px !important;}&#8221;]<div class=\"fancy_heading fancy_heading_line\"><div class=\"fh-top\"><\/div><h2 class=\"title\">Internet \u015bwiat\u0142owodowy FTTH<\/h2><\/div>\n[vc_column_text]<\/p>\n<h2><strong>Technologia przysz\u0142o\u015bci FTTH (Fiber To The Home)<\/strong>&#8211; czyli \u015bwiat\u0142ow\u00f3d do domu.<\/h2>\n<p>Jest to najnowocze\u015bniejsza technologia polegaj\u0105ca na doprowadzeniu do domu\/mieszkania kabla \u015bwiat\u0142owodowego zako\u0144czonego gniazdem abonenckim.<\/p>\n<p>Zalety \u015bwiat\u0142owodu do domu:<\/p>\n<p>-du\u017ca przepustowo\u015b\u0107 \u0142\u0105cza nieosi\u0105galna w innych technologiach,<\/p>\n<p>-odporno\u015b\u0107 na warunki atmosferyczne,<\/p>\n<p>-niska awaryjno\u015b\u0107,<\/p>\n<p>-stabilna jako\u015b\u0107 po\u0142\u0105czenia,<\/p>\n<p>-dost\u0119pno\u015b\u0107 dodatkowych us\u0142ug tj. telewizja IPTV, gry on-line, telefonia VoIP[\/vc_column_text][\/vc_column][\/vc_row][vc_row][vc_column][vc_message message_box_color=&#8221;pink&#8221; css_animation=&#8221;bounceInRight&#8221;]W celu uzyskania dodatkowych informacji na temat innych parametr\u00f3w \u0142\u0105cza- pr\u0119dko\u015bci pobierania,\u00a0 wysy\u0142ania i adresacji prosimy o <a href=\"http:\/\/inpar.pl\/index.php\/kontakt\/\">Kontakt<\/a>[\/vc_message][vc_message message_box_style=&#8221;3d&#8221; message_box_color=&#8221;sky&#8221; icon_fontawesome=&#8221;&#8221; css_animation=&#8221;bounceInLeft&#8221;]<\/p>\n<h3><em><strong>CENNIK- BLOKI<\/strong><\/em><\/h3>\n<h2><strong>ZAPYTAJ O AKTUALN\u0104 PROMOCJ\u0118 w twojej lokalizacji!!! \ud83d\ude09<\/strong> 607-208-221<\/h2>\n<p>[\/vc_message][\/vc_column][\/vc_row][vc_row gap=&#8221;10&#8243; el_class=&#8221;radio_oferta&#8221;][vc_column css_animation=&#8221;fadeIn&#8221; width=&#8221;1\/3&#8243; css=&#8221;.vc_custom_1522007759499{border-top-width: 1px !important;border-right-width: 1px !important;border-bottom-width: 1px !important;border-left-width: 1px !important;border-left-color: #5aa1e3 !important;border-left-style: solid !important;border-right-color: #5aa1e3 !important;border-right-style: solid !important;border-top-color: #5aa1e3 !important;border-top-style: solid !important;border-bottom-color: #5aa1e3 !important;border-bottom-style: solid !important;}&#8221;]<div class=\"quick_fact align_center animate-math\"><h4 class=\"title heading_tag \">PR\u0118DKO\u015a\u0106<\/h4><div class=\"number-wrapper\"><span class=\"number\" data-to=\"350\">350<\/span><span class=\"label postfix\">Mb\/s<\/span><\/div><hr class=\"hr_narrow\" \/><div class=\"desc\"><\/div><\/div>\n<div class=\"quick_fact align_center animate-math\"><h4 class=\"title heading_tag \">ABONAMENT<\/h4><hr class=\"hr_narrow\" \/><div class=\"desc\"><\/div><\/div>\n[vc_separator color=&#8221;sky&#8221;][vc_column_text css=&#8221;&#8221;]<\/p>\n<p style=\"text-align: center;\"><strong>Szybkie i stabilne<\/strong> \u0142\u0105cze<\/p>\n<hr \/>\n<p style=\"text-align: center;\"><strong>Brak limitu<\/strong> danych<\/p>\n<hr \/>\n<p style=\"text-align: center;\">Instalacja i aktywacja us\u0142ugi 100 z\u0142<\/p>\n<hr \/>\n<p style=\"text-align: center;\">Nowoczesny Router <strong>WIFI -wynajem bezp\u0142atny<br \/>\n<\/strong><\/p>\n<p>[\/vc_column_text][\/vc_column][vc_column css_animation=&#8221;fadeIn&#8221; width=&#8221;1\/3&#8243; css=&#8221;.vc_custom_1525344412822{border-top-width: 1px !important;border-right-width: 1px !important;border-bottom-width: 1px !important;border-left-width: 1px !important;border-left-color: #1e73be !important;border-left-style: solid !important;border-right-color: #1e73be !important;border-right-style: solid !important;border-top-color: #1e73be !important;border-top-style: solid !important;border-bottom-color: #1e73be !important;border-bottom-style: solid !important;}&#8221; el_class=&#8221;super_radio_oferta&#8221;]<div class=\"quick_fact align_center animate-math\"><h4 class=\"title heading_tag \">PR\u0118DKO\u015a\u0106<\/h4><div class=\"number-wrapper\"><span class=\"number\" data-to=\"650\">650<\/span><span class=\"label postfix\">Mb\/s<\/span><\/div><hr class=\"hr_narrow\" \/><div class=\"desc\"><\/div><\/div>\n<div class=\"quick_fact align_center animate-math\"><h4 class=\"title heading_tag \">ABONAMENT<\/h4><hr class=\"hr_narrow\" \/><div class=\"desc\"><\/div><\/div>\n[vc_separator color=&#8221;sky&#8221;][vc_column_text css=&#8221;&#8221;]<\/p>\n<p style=\"text-align: center;\"><strong>Szybkie i stabilne<\/strong> \u0142\u0105cze<\/p>\n<hr \/>\n<p style=\"text-align: center;\"><strong>Brak limitu<\/strong> danych<\/p>\n<hr \/>\n<p style=\"text-align: center;\">Instalacja i aktywacja us\u0142ugi 100 z\u0142<\/p>\n<hr \/>\n<p style=\"text-align: center;\">Nowoczesny Router <strong>WIFI &#8211; wynajem bezp\u0142atny<br \/>\n<\/strong><\/p>\n<p>[\/vc_column_text][\/vc_column][vc_column css_animation=&#8221;fadeIn&#8221; width=&#8221;1\/3&#8243; css=&#8221;.vc_custom_1522007770193{border-top-width: 1px !important;border-right-width: 1px !important;border-bottom-width: 1px !important;border-left-width: 1px !important;border-left-color: #5aa1e3 !important;border-left-style: solid !important;border-right-color: #5aa1e3 !important;border-right-style: solid !important;border-top-color: #5aa1e3 !important;border-top-style: solid !important;border-bottom-color: #5aa1e3 !important;border-bottom-style: solid !important;}&#8221;]<div class=\"quick_fact align_center animate-math\"><h4 class=\"title heading_tag \">PR\u0118DKO\u015a\u0106<\/h4><div class=\"number-wrapper\"><span class=\"number\" data-to=\"850\">850<\/span><span class=\"label postfix\">Mb\/s<\/span><\/div><hr class=\"hr_narrow\" \/><div class=\"desc\"><\/div><\/div>\n<div class=\"quick_fact align_center animate-math\"><h4 class=\"title heading_tag \">ABONAMENT<\/h4><hr class=\"hr_narrow\" \/><div class=\"desc\"><\/div><\/div>\n[vc_separator color=&#8221;sky&#8221;][vc_column_text css=&#8221;&#8221;]<\/p>\n<p style=\"text-align: center;\"><strong>Szybkie i stabilne<\/strong> \u0142\u0105cze<\/p>\n<hr \/>\n<p style=\"text-align: center;\"><strong>Brak limitu<\/strong> danych<\/p>\n<hr \/>\n<p style=\"text-align: center;\">Instalacja i aktywacja us\u0142ugi 100 z\u0142<\/p>\n<hr \/>\n<p style=\"text-align: center;\">Nowoczesny Router <strong>WIFI &#8211; wynajem bezp\u0142atny<br \/>\n<\/strong><\/p>\n<p>[\/vc_column_text][\/vc_column][\/vc_row][vc_row gap=&#8221;30&#8243; css_animation=&#8221;fadeInUp&#8221;][vc_column css=&#8221;.vc_custom_1521983616206{padding-top: 20px !important;}&#8221;][vc_message css=&#8221;.vc_custom_1724765542763{margin-bottom: 5px !important;}&#8221;]Koszt <strong>sta\u0142ego publicznego adresu IP<\/strong> to <strong>10z\u0142<\/strong> miesi\u0119cznie<\/p>\n<p>PROMOCJA wa\u017cna od 01.01.2024 do odwo\u0142ania.<br \/>\nPromocja ograniczona czasowo i terytorialnie, ulotka nie stanowi oferty handlowej w rozumieniu przepis\u00f3w prawa.[\/vc_message][vc_message message_box_style=&#8221;3d&#8221; message_box_color=&#8221;sky&#8221; icon_fontawesome=&#8221;&#8221; css_animation=&#8221;bounceInLeft&#8221;]<\/p>\n<h3><strong><em>CENNIK- DOMKI JEDNORODZINNE<\/em><br \/>\n<\/strong><\/h3>\n<h2><strong>ZAPYTAJ O AKTUALN\u0104 PROMOCJ\u0118 w twojej lokalizacji!!! \ud83d\ude09<\/strong> 607-208-221<\/h2>\n<p>[\/vc_message][\/vc_column][\/vc_row][vc_row gap=&#8221;10&#8243; el_class=&#8221;radio_oferta&#8221;][vc_column css_animation=&#8221;fadeIn&#8221; width=&#8221;1\/3&#8243; css=&#8221;.vc_custom_1522007759499{border-top-width: 1px !important;border-right-width: 1px !important;border-bottom-width: 1px !important;border-left-width: 1px !important;border-left-color: #5aa1e3 !important;border-left-style: solid !important;border-right-color: #5aa1e3 !important;border-right-style: solid !important;border-top-color: #5aa1e3 !important;border-top-style: solid !important;border-bottom-color: #5aa1e3 !important;border-bottom-style: solid !important;}&#8221;]<div class=\"quick_fact align_center animate-math\"><h4 class=\"title heading_tag \">PR\u0118DKO\u015a\u0106<\/h4><div class=\"number-wrapper\"><span class=\"number\" data-to=\"350\">350<\/span><span class=\"label postfix\">Mb\/s<\/span><\/div><hr class=\"hr_narrow\" \/><div class=\"desc\"><\/div><\/div>\n<div class=\"quick_fact align_center animate-math\"><h4 class=\"title heading_tag \">ABONAMENT<\/h4><hr class=\"hr_narrow\" \/><div class=\"desc\"><\/div><\/div>\n[vc_separator color=&#8221;sky&#8221;][vc_column_text css=&#8221;&#8221;]<\/p>\n<p style=\"text-align: center;\"><strong>Szybkie i stabilne<\/strong> \u0142\u0105cze<\/p>\n<hr \/>\n<p style=\"text-align: center;\"><strong>Brak limitu<\/strong> danych<br \/>\nInstalacja i aktywacja us\u0142ugi 100 z\u0142<\/p>\n<hr \/>\n<p style=\"text-align: center;\">Zapytaj o najnowsz\u0105 promocj\u0119 w twojej lokalizacji !!!<br \/>\nCena aktywacji &#8211; indywidualne ustalenia po obejrzeniu lokalizacji !<\/p>\n<hr \/>\n<p style=\"text-align: center;\">Nowoczesny Router <strong>WIFI -wynajem bezp\u0142atny<br \/>\n<\/strong><\/p>\n<p>[\/vc_column_text][\/vc_column][vc_column css_animation=&#8221;fadeIn&#8221; width=&#8221;1\/3&#8243; css=&#8221;.vc_custom_1525344412822{border-top-width: 1px !important;border-right-width: 1px !important;border-bottom-width: 1px !important;border-left-width: 1px !important;border-left-color: #1e73be !important;border-left-style: solid !important;border-right-color: #1e73be !important;border-right-style: solid !important;border-top-color: #1e73be !important;border-top-style: solid !important;border-bottom-color: #1e73be !important;border-bottom-style: solid !important;}&#8221; el_class=&#8221;super_radio_oferta&#8221;]<div class=\"quick_fact align_center animate-math\"><h4 class=\"title heading_tag \">PR\u0118DKO\u015a\u0106<\/h4><div class=\"number-wrapper\"><span class=\"number\" data-to=\"650\">650<\/span><span class=\"label postfix\">Mb\/s<\/span><\/div><hr class=\"hr_narrow\" \/><div class=\"desc\"><\/div><\/div>\n<div class=\"quick_fact align_center animate-math\"><h4 class=\"title heading_tag \">ABONAMENT<\/h4><hr class=\"hr_narrow\" \/><div class=\"desc\"><\/div><\/div>\n[vc_separator color=&#8221;sky&#8221;][vc_column_text css=&#8221;&#8221;]<\/p>\n<p style=\"text-align: center;\"><strong>Szybkie i stabilne<\/strong> \u0142\u0105cze<\/p>\n<hr \/>\n<p style=\"text-align: center;\"><strong>Brak limitu<\/strong> danych<br \/>\nInstalacja i aktywacja us\u0142ugi 100 z\u0142<\/p>\n<hr \/>\n<p style=\"text-align: center;\">Zapytaj o najnowsz\u0105 promocj\u0119 w twojej lokalizacji !!!<br \/>\nCena aktywacji &#8211; indywidualne ustalenia po obejrzeniu lokalizacji !<\/p>\n<hr \/>\n<p style=\"text-align: center;\">Nowoczesny Router <strong>WIFI &#8211; wynajem bezp\u0142atny<br \/>\n<\/strong><\/p>\n<p>[\/vc_column_text][\/vc_column][vc_column css_animation=&#8221;fadeIn&#8221; width=&#8221;1\/3&#8243; css=&#8221;.vc_custom_1522007770193{border-top-width: 1px !important;border-right-width: 1px !important;border-bottom-width: 1px !important;border-left-width: 1px !important;border-left-color: #5aa1e3 !important;border-left-style: solid !important;border-right-color: #5aa1e3 !important;border-right-style: solid !important;border-top-color: #5aa1e3 !important;border-top-style: solid !important;border-bottom-color: #5aa1e3 !important;border-bottom-style: solid !important;}&#8221;]<div class=\"quick_fact align_center animate-math\"><h4 class=\"title heading_tag \">PR\u0118DKO\u015a\u0106<\/h4><div class=\"number-wrapper\"><span class=\"number\" data-to=\"850\">850<\/span><span class=\"label postfix\">Mb\/s<\/span><\/div><hr class=\"hr_narrow\" \/><div class=\"desc\"><\/div><\/div>\n<div class=\"quick_fact align_center animate-math\"><h4 class=\"title heading_tag \">ABONAMENT<\/h4><hr class=\"hr_narrow\" \/><div class=\"desc\"><\/div><\/div>\n[vc_separator color=&#8221;sky&#8221;][vc_column_text css=&#8221;&#8221;]<\/p>\n<p style=\"text-align: center;\"><strong>Szybkie i stabilne<\/strong> \u0142\u0105cze<\/p>\n<hr \/>\n<p style=\"text-align: center;\"><strong>Brak limitu<\/strong> danych<br \/>\nInstalacja i aktywacja us\u0142ugi 100 z\u0142<\/p>\n<hr \/>\n<p style=\"text-align: center;\">Zapytaj o najnowsz\u0105 promocj\u0119 w twojej lokalizacji !!!<br \/>\nCena aktywacji &#8211; indywidualne ustalenia po obejrzeniu lokalizacji !<\/p>\n<hr \/>\n<p style=\"text-align: center;\">Nowoczesny Router <strong>WIFI &#8211; wynajem bezp\u0142atny<br \/>\n<\/strong><\/p>\n<p>[\/vc_column_text][\/vc_column][\/vc_row][vc_row][vc_column css_animation=&#8221;fadeInLeft&#8221; width=&#8221;1\/2&#8243; css=&#8221;.vc_custom_1522007414549{padding-top: 60px !important;}&#8221;][vc_single_image image=&#8221;636&#8243; img_size=&#8221;500&#215;224&#8243; alignment=&#8221;center&#8221;]<div class=\"fancy_heading fancy_heading_line\"><div class=\"fh-top\"><\/div><h2 class=\"title\">Huawei Echolife HG8546M<\/h2><\/div>\n[vc_column_text]<\/p>\n<ul>\n<li>Pr\u0119dko\u015b\u0107 transmisji WIFI do 300Mb\/s zapewnia p\u0142ynny przekaz danych wra\u017cliwych na zak\u0142\u00f3cenia (np. transmisja wideo w jako\u015bci HD)<\/li>\n<li>Port 1Gb\/s + 3 x 100Mb\/s LAN<\/li>\n<li>Wykorzystanie dw\u00f3ch anten znacz\u0105co zwi\u0119ksza si\u0142\u0119 i stabilno\u015b\u0107 \u0142\u0105cza bezprzewodowego<\/li>\n<li>Kontrola przepustowo\u015bci po adresach IP umo\u017cliwia administratorom ustalanie limit\u00f3w ruchu dla poszczeg\u00f3lnych komputer\u00f3w<\/li>\n<\/ul>\n<p>[\/vc_column_text][vc_message css=&#8221;.vc_custom_1724765562644{margin-bottom: 5px !important;}&#8221;]Koszt <strong>sta\u0142ego publicznego adresu IP<\/strong> to <strong>10z\u0142<\/strong> miesi\u0119cznie<\/p>\n<p>PROMOCJA wa\u017cna od 01.01.2024 do odwo\u0142ania.<br \/>\nPromocja ograniczona czasowo i terytorialnie, ulotka nie stanowi oferty handlowej w rozumieniu przepis\u00f3w prawa.[\/vc_message][\/vc_column][vc_column css_animation=&#8221;fadeInRight&#8221; width=&#8221;1\/2&#8243;][vc_single_image image=&#8221;522&#8243; img_size=&#8221;full&#8221; alignment=&#8221;center&#8221;]<div class=\"fancy_heading fancy_heading_line\"><div class=\"fh-top\"><\/div><h2 class=\"title\">Router TP-Link TL-WR841N<\/h2><\/div>\n[vc_column_text]<\/p>\n<ul>\n<li>Pr\u0119dko\u015b\u0107 transmisji do 300Mb\/s zapewnia p\u0142ynny przekaz danych wra\u017cliwych na zak\u0142\u00f3cenia (np. transmisja wideo w jako\u015bci HD)<\/li>\n<li>Wykorzystanie dw\u00f3ch anten znacz\u0105co zwi\u0119ksza si\u0142\u0119 i stabilno\u015b\u0107 \u0142\u0105cza bezprzewodowego<\/li>\n<li>Przycisk WPS umo\u017cliwia proste zestawienie po\u0142\u0105czenia szyfrowanego<\/li>\n<li>Kontrola przepustowo\u015bci po adresach IP umo\u017cliwia administratorom ustalanie limit\u00f3w ruchu dla poszczeg\u00f3lnych komputer\u00f3w<\/li>\n<\/ul>\n<p>[\/vc_column_text][\/vc_column][\/vc_row]<\/p>\n<\/div>","protected":false},"excerpt":{"rendered":"<p>[vc_row gap=&#8221;35&#8243; css_animation=&#8221;slideInDown&#8221;][vc_column width=&#8221;1\/2&#8243;][vc_single_image image=&#8221;865&#8243; img_size=&#8221;full&#8221; alignment=&#8221;center&#8221; style=&#8221;vc_box_outline&#8221;][\/vc_column][vc_column width=&#8221;1\/2&#8243; css=&#8221;.vc_custom_1522007644873{padding-top: 10px !important;}&#8221;][vc_column_text] Technologia przysz\u0142o\u015bci FTTH (Fiber To The Home)&#8211; czyli \u015bwiat\u0142ow\u00f3d do domu. Jest to najnowocze\u015bniejsza<span class=\"excerpt-hellip\"> [\u2026]<\/span><\/p>\n","protected":false},"author":3,"featured_media":0,"parent":0,"menu_order":0,"comment_status":"closed","ping_status":"closed","template":"","meta":{"footnotes":""},"class_list":["post-384","page","type-page","status-publish","hentry"],"_links":{"self":[{"href":"https:\/\/www.inpar.pl\/index.php\/wp-json\/wp\/v2\/pages\/384","targetHints":{"allow":["GET"]}}],"collection":[{"href":"https:\/\/www.inpar.pl\/index.php\/wp-json\/wp\/v2\/pages"}],"about":[{"href":"https:\/\/www.inpar.pl\/index.php\/wp-json\/wp\/v2\/types\/page"}],"author":[{"embeddable":true,"href":"https:\/\/www.inpar.pl\/index.php\/wp-json\/wp\/v2\/users\/3"}],"replies":[{"embeddable":true,"href":"https:\/\/www.inpar.pl\/index.php\/wp-json\/wp\/v2\/comments?post=384"}],"version-history":[{"count":64,"href":"https:\/\/www.inpar.pl\/index.php\/wp-json\/wp\/v2\/pages\/384\/revisions"}],"predecessor-version":[{"id":5682,"href":"https:\/\/www.inpar.pl\/index.php\/wp-json\/wp\/v2\/pages\/384\/revisions\/5682"}],"wp:attachment":[{"href":"https:\/\/www.inpar.pl\/index.php\/wp-json\/wp\/v2\/media?parent=384"}],"curies":[{"name":"wp","href":"https:\/\/api.w.org\/{rel}","templated":true}]}}