{"id":34,"date":"2018-03-07T11:18:12","date_gmt":"2018-03-07T10:18:12","guid":{"rendered":"http:\/\/inpar.pl\/?page_id=34"},"modified":"2026-02-20T13:37:09","modified_gmt":"2026-02-20T12:37:09","slug":"news","status":"publish","type":"page","link":"https:\/\/www.inpar.pl\/index.php\/news\/","title":{"rendered":"News"},"content":{"rendered":"<div class=\"wpb-content-wrapper\"><p>[vc_row][vc_column][vc_column_text css=&#8221;&#8221;]KOMUNIKAT O ZMIANIE UMOWY W ZAKRESIE POST\u0118POWANIA REKLAMACYJNEGO\u00a0 <a href=\"https:\/\/www.inpar.pl\/wp-content\/uploads\/2026\/02\/2026.02.11-Komunikat-o-zmianie-Umowy-w-zakresie-postepowania-reklamacyjnego-w-IN-PAR-1.pdf\">2026.02.11 Komunikat o zmianie Umowy w zakresie post\u0119powania reklamacyjnego w IN-PAR<\/a>[\/vc_column_text][vc_column_text]Informacja dotycz\u0105ca zmian w Prawie Komunikacji Elektronicznej\u00a0 <a href=\"https:\/\/www.inpar.pl\/wp-content\/uploads\/2024\/10\/Zmiany-w-PKE-pismo-informacyjne.pdf\">Zmiany w PKE- pismo informacyjne<\/a>[\/vc_column_text][vc_empty_space][\/vc_column][\/vc_row][vc_row][vc_column]<div class=\"column_filters\"><div class=\"blog_wrapper isotope_wrapper clearfix\"><div class=\"posts_group lm_wrapper col-2 timeline margin hide-more\"><article class=\"post post-item isotope-item clearfix post-429 type-post status-publish format-standard has-post-thumbnail hentry category-aktualnosci\" style=\"\"><div class=\"date_label\">23 marca 2018<\/div><div class=\"image_frame post-photo-wrapper scale-with-grid image\"><div class=\"image_wrapper\"><a href=\"https:\/\/www.inpar.pl\/index.php\/2018\/03\/23\/telewizja-w-inpar\/\"><div class=\"mask\"><\/div><img loading=\"lazy\" decoding=\"async\" width=\"240\" height=\"146\" src=\"https:\/\/www.inpar.pl\/wp-content\/uploads\/2018\/03\/banner-iviewhd-iptv-960x584.jpg\" class=\"scale-with-grid wp-post-image\" alt=\"Inpar internet \u015bwiat\u0142ow\u00f3d telewizja\" \/><\/a><div class=\"image_links double\"><a class=\"zoom \"  rel=\"prettyphoto\" href=\"https:\/\/www.inpar.pl\/wp-content\/uploads\/2018\/03\/banner-iviewhd-iptv-1024x374.jpg\"><svg viewBox=\"0 0 26 26\"><defs><style>.path{fill:none;stroke:#333;stroke-miterlimit:10;stroke-width:1.5px;}<\/style><\/defs><circle cx=\"11.35\" cy=\"11.35\" r=\"6\" class=\"path\"><\/circle><line x1=\"15.59\" y1=\"15.59\" x2=\"20.65\" y2=\"20.65\" class=\"path\"><\/line><\/svg><\/a><a class=\"link \"  href=\"https:\/\/www.inpar.pl\/index.php\/2018\/03\/23\/telewizja-w-inpar\/\"><svg viewBox=\"0 0 26 26\"><defs><style>.path{fill:none;stroke:#333;stroke-miterlimit:10;stroke-width:1.5px;}<\/style><\/defs><g><path d=\"M10.17,8.76l2.12-2.12a5,5,0,0,1,7.07,0h0a5,5,0,0,1,0,7.07l-2.12,2.12\" class=\"path\"><\/path><path d=\"M15.83,17.24l-2.12,2.12a5,5,0,0,1-7.07,0h0a5,5,0,0,1,0-7.07l2.12-2.12\" class=\"path\"><\/path><line x1=\"10.17\" y1=\"15.83\" x2=\"15.83\" y2=\"10.17\" class=\"path\"><\/line><\/g><\/svg><\/a><\/div><\/div><\/div><div class=\"post-desc-wrapper bg- has-custom-bg\" style=\"\"><div class=\"post-desc\"><div class=\"post-head\"><div class=\"post-meta clearfix\"><div class=\"author-date\"><span class=\"vcard author post-author\"><span class=\"label\">Published by <\/span><i class=\"icon-user\" aria-label=\"author\"><\/i> <span class=\"fn\"><a href=\"https:\/\/www.inpar.pl\/index.php\/author\/inpar\/\">inpar<\/a><\/span><\/span> <span class=\"date\"><span class=\"label\">at <\/span><i class=\"icon-clock\"><\/i> <span class=\"post-date updated\">23 marca 2018<\/span><\/span><\/div><\/div><\/div><div class=\"post-title\"><h2 class=\"entry-title \" itemprop=\"headline\"><a href=\"https:\/\/www.inpar.pl\/index.php\/2018\/03\/23\/telewizja-w-inpar\/\">Cyfrowa telewizja kablowa  Jambox  ju\u017c w sprzeda\u017cy !<\/a><\/h2><\/div><div class=\"post-excerpt\">Oferta- lista kana\u0142\u00f3w!!! http:\/\/inpar.pl\/index.php\/telewizja-iptv\/ &nbsp; Dodatkowe szczeg\u00f3\u0142y dotycz\u0105ce oferty cyfrowej telewizji kablowej JAMBOX uzyskaj\u0105 pa\u0144stwo w naszym Biurze Obs\u0142ugi Klienta Plac Wolno\u015bci 43 od poniedzia\u0142ku do<span class=\"excerpt-hellip\"> [\u2026]<\/span><\/div><\/div><\/div><\/article><article class=\"post post-item isotope-item clearfix post-1 type-post status-publish format-standard has-post-thumbnail hentry category-aktualnosci\" style=\"\"><div class=\"date_label\">27 lutego 2018<\/div><div class=\"image_frame post-photo-wrapper scale-with-grid image\"><div class=\"image_wrapper\"><a href=\"https:\/\/www.inpar.pl\/index.php\/2018\/02\/27\/witaj-swiecie\/\"><div class=\"mask\"><\/div><img loading=\"lazy\" decoding=\"async\" width=\"240\" height=\"135\" src=\"https:\/\/www.inpar.pl\/wp-content\/uploads\/2018\/03\/shutterstock-64908001.1000.jpg\" class=\"scale-with-grid wp-post-image\" alt=\"Inpar internet \u015bwiat\u0142ow\u00f3d telewizja\" srcset=\"https:\/\/www.inpar.pl\/wp-content\/uploads\/2018\/03\/shutterstock-64908001.1000.jpg 770w, https:\/\/www.inpar.pl\/wp-content\/uploads\/2018\/03\/shutterstock-64908001.1000-300x169.jpg 300w, https:\/\/www.inpar.pl\/wp-content\/uploads\/2018\/03\/shutterstock-64908001.1000-768x433.jpg 768w, https:\/\/www.inpar.pl\/wp-content\/uploads\/2018\/03\/shutterstock-64908001.1000-260x146.jpg 260w, https:\/\/www.inpar.pl\/wp-content\/uploads\/2018\/03\/shutterstock-64908001.1000-50x28.jpg 50w, https:\/\/www.inpar.pl\/wp-content\/uploads\/2018\/03\/shutterstock-64908001.1000-133x75.jpg 133w\" sizes=\"auto, (max-width:767px) 240px, 240px\" \/><\/a><div class=\"image_links double\"><a class=\"zoom \"  rel=\"prettyphoto\" href=\"https:\/\/www.inpar.pl\/wp-content\/uploads\/2018\/03\/shutterstock-64908001.1000.jpg\"><svg viewBox=\"0 0 26 26\"><defs><style>.path{fill:none;stroke:#333;stroke-miterlimit:10;stroke-width:1.5px;}<\/style><\/defs><circle cx=\"11.35\" cy=\"11.35\" r=\"6\" class=\"path\"><\/circle><line x1=\"15.59\" y1=\"15.59\" x2=\"20.65\" y2=\"20.65\" class=\"path\"><\/line><\/svg><\/a><a class=\"link \"  href=\"https:\/\/www.inpar.pl\/index.php\/2018\/02\/27\/witaj-swiecie\/\"><svg viewBox=\"0 0 26 26\"><defs><style>.path{fill:none;stroke:#333;stroke-miterlimit:10;stroke-width:1.5px;}<\/style><\/defs><g><path d=\"M10.17,8.76l2.12-2.12a5,5,0,0,1,7.07,0h0a5,5,0,0,1,0,7.07l-2.12,2.12\" class=\"path\"><\/path><path d=\"M15.83,17.24l-2.12,2.12a5,5,0,0,1-7.07,0h0a5,5,0,0,1,0-7.07l2.12-2.12\" class=\"path\"><\/path><line x1=\"10.17\" y1=\"15.83\" x2=\"15.83\" y2=\"10.17\" class=\"path\"><\/line><\/g><\/svg><\/a><\/div><\/div><\/div><div class=\"post-desc-wrapper bg- has-custom-bg\" style=\"\"><div class=\"post-desc\"><div class=\"post-head\"><div class=\"post-meta clearfix\"><div class=\"author-date\"><span class=\"vcard author post-author\"><span class=\"label\">Published by <\/span><i class=\"icon-user\" aria-label=\"author\"><\/i> <span class=\"fn\"><a href=\"https:\/\/www.inpar.pl\/index.php\/author\/inpar\/\">inpar<\/a><\/span><\/span> <span class=\"date\"><span class=\"label\">at <\/span><i class=\"icon-clock\"><\/i> <span class=\"post-date updated\">27 lutego 2018<\/span><\/span><\/div><\/div><\/div><div class=\"post-title\"><h2 class=\"entry-title \" itemprop=\"headline\"><a href=\"https:\/\/www.inpar.pl\/index.php\/2018\/02\/27\/witaj-swiecie\/\">Internet \u015bwiat\u0142owodowy FTTH  ju\u017c w Parczewie!!<\/a><\/h2><\/div><div class=\"post-excerpt\">Mi\u0142o nam poinformowa\u0107, \u017ce ko\u0144czymy budow\u0119 sieci \u015bwiat\u0142owodowej w technologii FTTH (Fiber To The Home)\u2013 czyli \u015bwiat\u0142ow\u00f3d do domu. Jest to najnowocze\u015bniejsza technologia polegaj\u0105ca na doprowadzeniu<span class=\"excerpt-hellip\"> [\u2026]<\/span><\/div><\/div><\/div><\/article><\/div><\/div>\n<\/div>\n[\/vc_column][\/vc_row][vc_row][vc_column][vc_empty_space][\/vc_column][\/vc_row]<\/p>\n<\/div>","protected":false},"excerpt":{"rendered":"<p>[vc_row][vc_column][vc_column_text css=&#8221;&#8221;]KOMUNIKAT O ZMIANIE UMOWY W ZAKRESIE POST\u0118POWANIA REKLAMACYJNEGO\u00a0 2026.02.11 Komunikat o zmianie Umowy w zakresie post\u0119powania reklamacyjnego w IN-PAR[\/vc_column_text][vc_column_text]Informacja dotycz\u0105ca zmian w Prawie Komunikacji Elektronicznej\u00a0<span class=\"excerpt-hellip\"> [\u2026]<\/span><\/p>\n","protected":false},"author":3,"featured_media":0,"parent":0,"menu_order":0,"comment_status":"closed","ping_status":"closed","template":"","meta":{"footnotes":""},"class_list":["post-34","page","type-page","status-publish","hentry"],"_links":{"self":[{"href":"https:\/\/www.inpar.pl\/index.php\/wp-json\/wp\/v2\/pages\/34","targetHints":{"allow":["GET"]}}],"collection":[{"href":"https:\/\/www.inpar.pl\/index.php\/wp-json\/wp\/v2\/pages"}],"about":[{"href":"https:\/\/www.inpar.pl\/index.php\/wp-json\/wp\/v2\/types\/page"}],"author":[{"embeddable":true,"href":"https:\/\/www.inpar.pl\/index.php\/wp-json\/wp\/v2\/users\/3"}],"replies":[{"embeddable":true,"href":"https:\/\/www.inpar.pl\/index.php\/wp-json\/wp\/v2\/comments?post=34"}],"version-history":[{"count":19,"href":"https:\/\/www.inpar.pl\/index.php\/wp-json\/wp\/v2\/pages\/34\/revisions"}],"predecessor-version":[{"id":5704,"href":"https:\/\/www.inpar.pl\/index.php\/wp-json\/wp\/v2\/pages\/34\/revisions\/5704"}],"wp:attachment":[{"href":"https:\/\/www.inpar.pl\/index.php\/wp-json\/wp\/v2\/media?parent=34"}],"curies":[{"name":"wp","href":"https:\/\/api.w.org\/{rel}","templated":true}]}}