{"id":244,"date":"2018-03-14T14:33:16","date_gmt":"2018-03-14T13:33:16","guid":{"rendered":"http:\/\/inpar.pl\/?page_id=244"},"modified":"2018-03-27T20:50:09","modified_gmt":"2018-03-27T18:50:09","slug":"promocje","status":"publish","type":"page","link":"https:\/\/www.inpar.pl\/index.php\/promocje\/","title":{"rendered":"Promocje"},"content":{"rendered":"<div class=\"wpb-content-wrapper\"><p>[vc_row][vc_column][vc_empty_space][\/vc_column][\/vc_row][vc_row][vc_column]<div class=\"column_filters\"><div class=\"blog_wrapper isotope_wrapper clearfix\"><div class=\"posts_group lm_wrapper col-4 masonry margin hide-more isotope\"><article class=\"post post-item isotope-item clearfix post-435 type-post status-publish format-standard has-post-thumbnail hentry category-promocje\" style=\"\"><div class=\"date_label\">23 marca 2018<\/div><div class=\"image_frame post-photo-wrapper scale-with-grid image\"><div class=\"image_wrapper\"><a href=\"https:\/\/www.inpar.pl\/index.php\/2018\/03\/23\/znizka-na-abonament\/\"><div class=\"mask\"><\/div><img loading=\"lazy\" decoding=\"async\" width=\"240\" height=\"180\" src=\"https:\/\/www.inpar.pl\/wp-content\/uploads\/2018\/04\/fotolia_170084804-240x180.jpg\" class=\"scale-with-grid wp-post-image\" alt=\"Inpar internet \u015bwiat\u0142ow\u00f3d telewizja\" \/><\/a><div class=\"image_links double\"><a class=\"zoom \"  rel=\"prettyphoto\" href=\"https:\/\/www.inpar.pl\/wp-content\/uploads\/2018\/04\/fotolia_170084804.jpg\"><svg viewBox=\"0 0 26 26\"><defs><style>.path{fill:none;stroke:#333;stroke-miterlimit:10;stroke-width:1.5px;}<\/style><\/defs><circle cx=\"11.35\" cy=\"11.35\" r=\"6\" class=\"path\"><\/circle><line x1=\"15.59\" y1=\"15.59\" x2=\"20.65\" y2=\"20.65\" class=\"path\"><\/line><\/svg><\/a><a class=\"link \"  href=\"https:\/\/www.inpar.pl\/index.php\/2018\/03\/23\/znizka-na-abonament\/\"><svg viewBox=\"0 0 26 26\"><defs><style>.path{fill:none;stroke:#333;stroke-miterlimit:10;stroke-width:1.5px;}<\/style><\/defs><g><path d=\"M10.17,8.76l2.12-2.12a5,5,0,0,1,7.07,0h0a5,5,0,0,1,0,7.07l-2.12,2.12\" class=\"path\"><\/path><path d=\"M15.83,17.24l-2.12,2.12a5,5,0,0,1-7.07,0h0a5,5,0,0,1,0-7.07l2.12-2.12\" class=\"path\"><\/path><line x1=\"10.17\" y1=\"15.83\" x2=\"15.83\" y2=\"10.17\" class=\"path\"><\/line><\/g><\/svg><\/a><\/div><\/div><\/div><div class=\"post-desc-wrapper bg- has-custom-bg\" style=\"\"><div class=\"post-desc\"><div class=\"post-head\"><div class=\"post-meta clearfix\"><div class=\"author-date\"><span class=\"vcard author post-author\"><span class=\"label\">Published by <\/span><i class=\"icon-user\" aria-label=\"author\"><\/i> <span class=\"fn\"><a href=\"https:\/\/www.inpar.pl\/index.php\/author\/inpar\/\">inpar<\/a><\/span><\/span> <span class=\"date\"><span class=\"label\">at <\/span><i class=\"icon-clock\"><\/i> <span class=\"post-date updated\">23 marca 2018<\/span><\/span><\/div><\/div><\/div><div class=\"post-title\"><h2 class=\"entry-title \" itemprop=\"headline\"><a href=\"https:\/\/www.inpar.pl\/index.php\/2018\/03\/23\/znizka-na-abonament\/\">Przy\u015bpieszamy w tej samej cenie!<\/a><\/h2><\/div><div class=\"post-excerpt\">Przed\u0142u\u017c umow\u0119 i zyskaj wi\u0119ksz\u0105 pr\u0119dko\u015b\u0107 w tej samej cenie!!! Super oferta dla sta\u0142ych abonent\u00f3w!!! &nbsp;<\/div><\/div><\/div><\/article><article class=\"post post-item isotope-item clearfix post-433 type-post status-publish format-standard has-post-thumbnail hentry category-promocje\" style=\"\"><div class=\"date_label\">23 marca 2018<\/div><div class=\"image_frame post-photo-wrapper scale-with-grid image\"><div class=\"image_wrapper\"><a href=\"https:\/\/www.inpar.pl\/index.php\/2018\/03\/23\/2-promo\/\"><div class=\"mask\"><\/div><img loading=\"lazy\" decoding=\"async\" width=\"240\" height=\"180\" src=\"https:\/\/www.inpar.pl\/wp-content\/uploads\/2018\/03\/Come-\u00e8-Fibra-960x720.png\" class=\"scale-with-grid wp-post-image\" alt=\"Inpar internet \u015bwiat\u0142ow\u00f3d telewizja\" \/><\/a><div class=\"image_links double\"><a class=\"zoom \"  rel=\"prettyphoto\" href=\"https:\/\/www.inpar.pl\/wp-content\/uploads\/2018\/03\/Come-\u00e8-Fibra-1024x514.png\"><svg viewBox=\"0 0 26 26\"><defs><style>.path{fill:none;stroke:#333;stroke-miterlimit:10;stroke-width:1.5px;}<\/style><\/defs><circle cx=\"11.35\" cy=\"11.35\" r=\"6\" class=\"path\"><\/circle><line x1=\"15.59\" y1=\"15.59\" x2=\"20.65\" y2=\"20.65\" class=\"path\"><\/line><\/svg><\/a><a class=\"link \"  href=\"https:\/\/www.inpar.pl\/index.php\/2018\/03\/23\/2-promo\/\"><svg viewBox=\"0 0 26 26\"><defs><style>.path{fill:none;stroke:#333;stroke-miterlimit:10;stroke-width:1.5px;}<\/style><\/defs><g><path d=\"M10.17,8.76l2.12-2.12a5,5,0,0,1,7.07,0h0a5,5,0,0,1,0,7.07l-2.12,2.12\" class=\"path\"><\/path><path d=\"M15.83,17.24l-2.12,2.12a5,5,0,0,1-7.07,0h0a5,5,0,0,1,0-7.07l2.12-2.12\" class=\"path\"><\/path><line x1=\"10.17\" y1=\"15.83\" x2=\"15.83\" y2=\"10.17\" class=\"path\"><\/line><\/g><\/svg><\/a><\/div><\/div><\/div><div class=\"post-desc-wrapper bg- has-custom-bg\" style=\"\"><div class=\"post-desc\"><div class=\"post-head\"><div class=\"post-meta clearfix\"><div class=\"author-date\"><span class=\"vcard author post-author\"><span class=\"label\">Published by <\/span><i class=\"icon-user\" aria-label=\"author\"><\/i> <span class=\"fn\"><a href=\"https:\/\/www.inpar.pl\/index.php\/author\/inpar\/\">inpar<\/a><\/span><\/span> <span class=\"date\"><span class=\"label\">at <\/span><i class=\"icon-clock\"><\/i> <span class=\"post-date updated\">23 marca 2018<\/span><\/span><\/div><\/div><\/div><div class=\"post-title\"><h2 class=\"entry-title \" itemprop=\"headline\"><a href=\"https:\/\/www.inpar.pl\/index.php\/2018\/03\/23\/2-promo\/\">\u015awiat\u0142ow\u00f3d w technologii FTTH  ju\u017c w Parczewie<\/a><\/h2><\/div><div class=\"post-excerpt\">Prze\u0142\u0105cz si\u0119 na technologi\u0119 przysz\u0142o\u015bci &#8211; FTTH czyli \u015bwiat\u0142ow\u00f3d do domu. Zadzwo\u0144 i zapytaj czy jeste\u015b w zasi\u0119gu naszej sieci !!!<\/div><\/div><\/div><\/article><article class=\"post post-item isotope-item clearfix post-431 type-post status-publish format-standard has-post-thumbnail hentry category-promocje\" style=\"\"><div class=\"date_label\">23 marca 2018<\/div><div class=\"image_frame post-photo-wrapper scale-with-grid image\"><div class=\"image_wrapper\"><a href=\"https:\/\/www.inpar.pl\/index.php\/2018\/03\/23\/3-promo\/\"><div class=\"mask\"><\/div><img loading=\"lazy\" decoding=\"async\" width=\"240\" height=\"180\" src=\"https:\/\/www.inpar.pl\/wp-content\/uploads\/2018\/03\/internet-mobilny-lte-960x720.jpg\" class=\"scale-with-grid wp-post-image\" alt=\"Inpar internet \u015bwiat\u0142ow\u00f3d telewizja\" srcset=\"https:\/\/www.inpar.pl\/wp-content\/uploads\/2018\/03\/internet-mobilny-lte-960x720.jpg 960w, https:\/\/www.inpar.pl\/wp-content\/uploads\/2018\/03\/internet-mobilny-lte-50x38.jpg 50w, https:\/\/www.inpar.pl\/wp-content\/uploads\/2018\/03\/internet-mobilny-lte-98x75.jpg 98w, https:\/\/www.inpar.pl\/wp-content\/uploads\/2018\/03\/internet-mobilny-lte-1000x750.jpg 1000w\" sizes=\"auto, (max-width:767px) 240px, 240px\" \/><\/a><div class=\"image_links double\"><a class=\"zoom \"  rel=\"prettyphoto\" href=\"https:\/\/www.inpar.pl\/wp-content\/uploads\/2018\/03\/internet-mobilny-lte.jpg\"><svg viewBox=\"0 0 26 26\"><defs><style>.path{fill:none;stroke:#333;stroke-miterlimit:10;stroke-width:1.5px;}<\/style><\/defs><circle cx=\"11.35\" cy=\"11.35\" r=\"6\" class=\"path\"><\/circle><line x1=\"15.59\" y1=\"15.59\" x2=\"20.65\" y2=\"20.65\" class=\"path\"><\/line><\/svg><\/a><a class=\"link \"  href=\"https:\/\/www.inpar.pl\/index.php\/2018\/03\/23\/3-promo\/\"><svg viewBox=\"0 0 26 26\"><defs><style>.path{fill:none;stroke:#333;stroke-miterlimit:10;stroke-width:1.5px;}<\/style><\/defs><g><path d=\"M10.17,8.76l2.12-2.12a5,5,0,0,1,7.07,0h0a5,5,0,0,1,0,7.07l-2.12,2.12\" class=\"path\"><\/path><path d=\"M15.83,17.24l-2.12,2.12a5,5,0,0,1-7.07,0h0a5,5,0,0,1,0-7.07l2.12-2.12\" class=\"path\"><\/path><line x1=\"10.17\" y1=\"15.83\" x2=\"15.83\" y2=\"10.17\" class=\"path\"><\/line><\/g><\/svg><\/a><\/div><\/div><\/div><div class=\"post-desc-wrapper bg- has-custom-bg\" style=\"\"><div class=\"post-desc\"><div class=\"post-head\"><div class=\"post-meta clearfix\"><div class=\"author-date\"><span class=\"vcard author post-author\"><span class=\"label\">Published by <\/span><i class=\"icon-user\" aria-label=\"author\"><\/i> <span class=\"fn\"><a href=\"https:\/\/www.inpar.pl\/index.php\/author\/inpar\/\">inpar<\/a><\/span><\/span> <span class=\"date\"><span class=\"label\">at <\/span><i class=\"icon-clock\"><\/i> <span class=\"post-date updated\">23 marca 2018<\/span><\/span><\/div><\/div><\/div><div class=\"post-title\"><h2 class=\"entry-title \" itemprop=\"headline\"><a href=\"https:\/\/www.inpar.pl\/index.php\/2018\/03\/23\/3-promo\/\">Us\u0142uga &#8222;zawsze on-line&#8221;<\/a><\/h2><\/div><div class=\"post-excerpt\">Internet mobilny\u00a0 ju\u017c od\u00a0 20 z\u0142 \/m-c ! Informujemy,\u00a0 o wprowadzeniu do naszej oferty\u00a0us\u0142ugi \u201ezawsze On-Line\u201d polegaj\u0105cej na mo\u017cliwo\u015bci wykupienia dodatkowego pakietu, kt\u00f3ry zapewnia niezale\u017cny od<span class=\"excerpt-hellip\"> [\u2026]<\/span><\/div><\/div><\/div><\/article><article class=\"post post-item isotope-item clearfix post-136 type-post status-publish format-standard has-post-thumbnail hentry category-promocje\" style=\"\"><div class=\"date_label\">13 marca 2018<\/div><div class=\"image_frame post-photo-wrapper scale-with-grid image\"><div class=\"image_wrapper\"><a href=\"https:\/\/www.inpar.pl\/index.php\/2018\/03\/13\/internet-radiowy\/\"><div class=\"mask\"><\/div><img loading=\"lazy\" decoding=\"async\" width=\"240\" height=\"180\" src=\"https:\/\/www.inpar.pl\/wp-content\/uploads\/2018\/04\/mini-koparka-jcb-8020-240x180.png\" class=\"scale-with-grid wp-post-image\" alt=\"Inpar internet \u015bwiat\u0142ow\u00f3d telewizja\" \/><\/a><div class=\"image_links double\"><a class=\"zoom \"  rel=\"prettyphoto\" href=\"https:\/\/www.inpar.pl\/wp-content\/uploads\/2018\/04\/mini-koparka-jcb-8020.png\"><svg viewBox=\"0 0 26 26\"><defs><style>.path{fill:none;stroke:#333;stroke-miterlimit:10;stroke-width:1.5px;}<\/style><\/defs><circle cx=\"11.35\" cy=\"11.35\" r=\"6\" class=\"path\"><\/circle><line x1=\"15.59\" y1=\"15.59\" x2=\"20.65\" y2=\"20.65\" class=\"path\"><\/line><\/svg><\/a><a class=\"link \"  href=\"https:\/\/www.inpar.pl\/index.php\/2018\/03\/13\/internet-radiowy\/\"><svg viewBox=\"0 0 26 26\"><defs><style>.path{fill:none;stroke:#333;stroke-miterlimit:10;stroke-width:1.5px;}<\/style><\/defs><g><path d=\"M10.17,8.76l2.12-2.12a5,5,0,0,1,7.07,0h0a5,5,0,0,1,0,7.07l-2.12,2.12\" class=\"path\"><\/path><path d=\"M15.83,17.24l-2.12,2.12a5,5,0,0,1-7.07,0h0a5,5,0,0,1,0-7.07l2.12-2.12\" class=\"path\"><\/path><line x1=\"10.17\" y1=\"15.83\" x2=\"15.83\" y2=\"10.17\" class=\"path\"><\/line><\/g><\/svg><\/a><\/div><\/div><\/div><div class=\"post-desc-wrapper bg- has-custom-bg\" style=\"\"><div class=\"post-desc\"><div class=\"post-head\"><div class=\"post-meta clearfix\"><div class=\"author-date\"><span class=\"vcard author post-author\"><span class=\"label\">Published by <\/span><i class=\"icon-user\" aria-label=\"author\"><\/i> <span class=\"fn\"><a href=\"https:\/\/www.inpar.pl\/index.php\/author\/inpar\/\">inpar<\/a><\/span><\/span> <span class=\"date\"><span class=\"label\">at <\/span><i class=\"icon-clock\"><\/i> <span class=\"post-date updated\">13 marca 2018<\/span><\/span><\/div><\/div><\/div><div class=\"post-title\"><h2 class=\"entry-title \" itemprop=\"headline\"><a href=\"https:\/\/www.inpar.pl\/index.php\/2018\/03\/13\/internet-radiowy\/\">Przeciski i us\u0142ugi minikopark\u0105<\/a><\/h2><\/div><div class=\"post-excerpt\">Zapraszamy do wsp\u00f3\u0142pracy !!! Wykopy pod przy\u0142\u0105cza elektryczne Wykopy pod przy\u0142\u0105cza teletechniczne Wykopy pod przy\u0142\u0105cza wodne i kanalizacyjne Przeciski pod drogami Wykopy pod fundamenty budynk\u00f3w i<span class=\"excerpt-hellip\"> [\u2026]<\/span><\/div><\/div><\/div><\/article><\/div><\/div>\n<\/div>\n[\/vc_column][\/vc_row][vc_row][vc_column][vc_empty_space][\/vc_column][\/vc_row]<\/p>\n<\/div>","protected":false},"excerpt":{"rendered":"<p>[vc_row][vc_column][vc_empty_space][\/vc_column][\/vc_row][vc_row][vc_column][\/vc_column][\/vc_row][vc_row][vc_column][vc_empty_space][\/vc_column][\/vc_row]<\/p>\n","protected":false},"author":3,"featured_media":0,"parent":0,"menu_order":0,"comment_status":"closed","ping_status":"closed","template":"","meta":{"footnotes":""},"class_list":["post-244","page","type-page","status-publish","hentry"],"_links":{"self":[{"href":"https:\/\/www.inpar.pl\/index.php\/wp-json\/wp\/v2\/pages\/244","targetHints":{"allow":["GET"]}}],"collection":[{"href":"https:\/\/www.inpar.pl\/index.php\/wp-json\/wp\/v2\/pages"}],"about":[{"href":"https:\/\/www.inpar.pl\/index.php\/wp-json\/wp\/v2\/types\/page"}],"author":[{"embeddable":true,"href":"https:\/\/www.inpar.pl\/index.php\/wp-json\/wp\/v2\/users\/3"}],"replies":[{"embeddable":true,"href":"https:\/\/www.inpar.pl\/index.php\/wp-json\/wp\/v2\/comments?post=244"}],"version-history":[{"count":25,"href":"https:\/\/www.inpar.pl\/index.php\/wp-json\/wp\/v2\/pages\/244\/revisions"}],"predecessor-version":[{"id":745,"href":"https:\/\/www.inpar.pl\/index.php\/wp-json\/wp\/v2\/pages\/244\/revisions\/745"}],"wp:attachment":[{"href":"https:\/\/www.inpar.pl\/index.php\/wp-json\/wp\/v2\/media?parent=244"}],"curies":[{"name":"wp","href":"https:\/\/api.w.org\/{rel}","templated":true}]}}