{"id":2,"date":"2018-02-27T14:00:20","date_gmt":"2018-02-27T13:00:20","guid":{"rendered":"http:\/\/inpar.pl\/?page_id=2"},"modified":"2023-06-15T16:09:28","modified_gmt":"2023-06-15T14:09:28","slug":"przykladowa-strona","status":"publish","type":"page","link":"https:\/\/www.inpar.pl\/","title":{"rendered":"Start"},"content":{"rendered":"<div class=\"wpb-content-wrapper\"><p>[vc_row full_width=&#8221;stretch_row_content_no_spaces&#8221;][vc_column][vc_column_text]\n\t\t\t<!-- START slider1 REVOLUTION SLIDER 6.7.23 --><p class=\"rs-p-wp-fix\"><\/p>\n\t\t\t<rs-module-wrap id=\"rev_slider_1_1_wrapper\" data-source=\"gallery\" style=\"visibility:hidden;background:transparent;padding:0;margin:0px auto;margin-top:0;margin-bottom:0;\">\n\t\t\t\t<rs-module id=\"rev_slider_1_1\" style=\"\" data-version=\"6.7.23\">\n\t\t\t\t\t<rs-slides style=\"overflow: hidden; position: absolute;\">\n\t\t\t\t\t\t<rs-slide style=\"position: absolute;\" data-key=\"rs-1\" data-title=\"Slide\" data-thumb=\"\/\/www.inpar.pl\/wp-content\/uploads\/2018\/03\/banner-iviewhd-iptv-100x50.jpg\" data-anim=\"adpr:false;\">\n\t\t\t\t\t\t\t<img decoding=\"async\" src=\"\/\/www.inpar.pl\/wp-content\/plugins\/revslider\/sr6\/assets\/assets\/dummy.png\" alt=\"\" title=\"Start\" class=\"rev-slidebg tp-rs-img rs-lazyload\" data-lazyload=\"\/\/www.inpar.pl\/wp-content\/uploads\/2018\/03\/banner-iviewhd-iptv.jpg\" data-parallax=\"off\" data-no-retina>\n<!--\n\t\t\t\t\t\t\t--><rs-layer\n\t\t\t\t\t\t\t\tid=\"slider-1-slide-1-layer-3\" \n\t\t\t\t\t\t\t\tclass=\"tp-shape tp-shapewrapper\"\n\t\t\t\t\t\t\t\tdata-type=\"shape\"\n\t\t\t\t\t\t\t\tdata-rsp_ch=\"on\"\n\t\t\t\t\t\t\t\tdata-xy=\"x:c;xo:-11px;y:b;yo:-91px;\"\n\t\t\t\t\t\t\t\tdata-text=\"a:inherit;\"\n\t\t\t\t\t\t\t\tdata-dim=\"w:100%;h:100px;\"\n\t\t\t\t\t\t\t\tdata-basealign=\"slide\"\n\t\t\t\t\t\t\t\tdata-frame_0=\"tp:600;\"\n\t\t\t\t\t\t\t\tdata-frame_1=\"tp:600;st:0;\"\n\t\t\t\t\t\t\t\tdata-frame_999=\"o:0;tp:600;st:w;sR:8700;\"\n\t\t\t\t\t\t\t\tstyle=\"z-index:5;background-color:rgba(0,0,0,0.5);\"\n\t\t\t\t\t\t\t> \n\t\t\t\t\t\t\t<\/rs-layer><!--\n-->\t\t\t\t\t<\/rs-slide>\n\t\t\t\t\t\t<rs-slide style=\"position: absolute;\" data-key=\"rs-2\" data-title=\"Slide\" data-thumb=\"\/\/www.inpar.pl\/wp-content\/uploads\/2018\/04\/fotolia_183552072-100x50.jpg\" data-anim=\"adpr:false;\">\n\t\t\t\t\t\t\t<img decoding=\"async\" src=\"\/\/www.inpar.pl\/wp-content\/plugins\/revslider\/sr6\/assets\/assets\/dummy.png\" alt=\"\" title=\"Start\" class=\"rev-slidebg tp-rs-img rs-lazyload\" data-lazyload=\"\/\/www.inpar.pl\/wp-content\/uploads\/2018\/04\/fotolia_183552072.jpg\" data-parallax=\"off\" data-no-retina>\n<!--\n\t\t\t\t\t\t\t--><rs-layer\n\t\t\t\t\t\t\t\tid=\"slider-1-slide-2-layer-7\" \n\t\t\t\t\t\t\t\tclass=\"tp-shape tp-shapewrapper\"\n\t\t\t\t\t\t\t\tdata-type=\"shape\"\n\t\t\t\t\t\t\t\tdata-rsp_ch=\"on\"\n\t\t\t\t\t\t\t\tdata-xy=\"x:c;y:b;\"\n\t\t\t\t\t\t\t\tdata-text=\"a:inherit;\"\n\t\t\t\t\t\t\t\tdata-dim=\"w:100%;h:100px;\"\n\t\t\t\t\t\t\t\tdata-basealign=\"slide\"\n\t\t\t\t\t\t\t\tdata-frame_0=\"tp:600;\"\n\t\t\t\t\t\t\t\tdata-frame_1=\"tp:600;st:0;\"\n\t\t\t\t\t\t\t\tdata-frame_999=\"o:0;tp:600;st:w;sR:8700;\"\n\t\t\t\t\t\t\t\tstyle=\"z-index:5;background-color:rgba(0,0,0,0.5);\"\n\t\t\t\t\t\t\t> \n\t\t\t\t\t\t\t<\/rs-layer><!--\n\n\t\t\t\t\t\t\t--><rs-layer\n\t\t\t\t\t\t\t\tid=\"slider-1-slide-2-layer-9\" \n\t\t\t\t\t\t\t\tdata-type=\"text\"\n\t\t\t\t\t\t\t\tdata-color=\"#ffffff\"\n\t\t\t\t\t\t\t\tdata-rsp_ch=\"on\"\n\t\t\t\t\t\t\t\tdata-xy=\"x:c;y:b;yo:40px;\"\n\t\t\t\t\t\t\t\tdata-text=\"s:72;l:22;a:inherit;\"\n\t\t\t\t\t\t\t\tdata-frame_0=\"tp:600;\"\n\t\t\t\t\t\t\t\tdata-frame_1=\"tp:600;st:0;\"\n\t\t\t\t\t\t\t\tdata-frame_999=\"o:0;tp:600;st:w;sR:8700;\"\n\t\t\t\t\t\t\t\tstyle=\"z-index:6;font-family:'Open Sans';\"\n\t\t\t\t\t\t\t>\u015awiat\u0142ow\u00f3d FTTH  ju\u017c w Parczewie \n\t\t\t\t\t\t\t<\/rs-layer><!--\n-->\t\t\t\t\t<\/rs-slide>\n\t\t\t\t\t\t<rs-slide style=\"position: absolute;\" data-key=\"rs-3\" data-title=\"Slide\" data-thumb=\"\/\/www.inpar.pl\/wp-content\/uploads\/2018\/04\/3g-1-100x50.png\" data-anim=\"adpr:false;\" data-p1=\"bbbbb\">\n\t\t\t\t\t\t\t<img decoding=\"async\" src=\"\/\/www.inpar.pl\/wp-content\/plugins\/revslider\/sr6\/assets\/assets\/dummy.png\" alt=\"\" title=\"Start\" class=\"rev-slidebg tp-rs-img rs-lazyload\" data-lazyload=\"\/\/www.inpar.pl\/wp-content\/uploads\/2018\/04\/3g-1.png\" data-parallax=\"off\" data-no-retina>\n<!--\n\t\t\t\t\t\t\t--><rs-layer\n\t\t\t\t\t\t\t\tid=\"slider-1-slide-3-layer-3\" \n\t\t\t\t\t\t\t\tclass=\"tp-shape tp-shapewrapper\"\n\t\t\t\t\t\t\t\tdata-type=\"shape\"\n\t\t\t\t\t\t\t\tdata-rsp_ch=\"on\"\n\t\t\t\t\t\t\t\tdata-xy=\"x:c;y:b;\"\n\t\t\t\t\t\t\t\tdata-text=\"a:inherit;\"\n\t\t\t\t\t\t\t\tdata-dim=\"w:100%;h:100px;\"\n\t\t\t\t\t\t\t\tdata-basealign=\"slide\"\n\t\t\t\t\t\t\t\tdata-frame_0=\"tp:600;\"\n\t\t\t\t\t\t\t\tdata-frame_1=\"tp:600;st:0;\"\n\t\t\t\t\t\t\t\tdata-frame_999=\"o:0;tp:600;st:w;sR:8700;\"\n\t\t\t\t\t\t\t\tstyle=\"z-index:6;background-color:rgba(0,0,0,0.5);\"\n\t\t\t\t\t\t\t> \n\t\t\t\t\t\t\t<\/rs-layer><!--\n\n\t\t\t\t\t\t\t--><rs-layer\n\t\t\t\t\t\t\t\tid=\"slider-1-slide-3-layer-5\" \n\t\t\t\t\t\t\t\tdata-type=\"text\"\n\t\t\t\t\t\t\t\tdata-color=\"#ffffff\"\n\t\t\t\t\t\t\t\tdata-rsp_ch=\"on\"\n\t\t\t\t\t\t\t\tdata-xy=\"x:c;y:b;yo:40px;\"\n\t\t\t\t\t\t\t\tdata-text=\"s:72;l:22;a:inherit;\"\n\t\t\t\t\t\t\t\tdata-frame_0=\"tp:600;\"\n\t\t\t\t\t\t\t\tdata-frame_1=\"tp:600;st:0;\"\n\t\t\t\t\t\t\t\tdata-frame_999=\"o:0;tp:600;st:w;sR:8700;\"\n\t\t\t\t\t\t\t\tstyle=\"z-index:7;font-family:'Open Sans';\"\n\t\t\t\t\t\t\t>Us\u0142uga \"Zawsze online\" \n\t\t\t\t\t\t\t<\/rs-layer><!--\n-->\t\t\t\t\t<\/rs-slide>\n\t\t\t\t\t<\/rs-slides>\n\t\t\t\t<\/rs-module>\n\t\t\t\t<script>\n\t\t\t\t\tsetREVStartSize({c: 'rev_slider_1_1',rl:[1240,1024,778,480],el:[],gw:[1240],gh:[600],type:'standard',justify:'',layout:'fullwidth',mh:\"0\"});if (window.RS_MODULES!==undefined && window.RS_MODULES.modules!==undefined && window.RS_MODULES.modules[\"revslider11\"]!==undefined) {window.RS_MODULES.modules[\"revslider11\"].once = false;window.revapi1 = undefined;if (window.RS_MODULES.checkMinimal!==undefined) window.RS_MODULES.checkMinimal()}\n\t\t\t\t<\/script>\n\t\t\t<\/rs-module-wrap>\n\t\t\t<!-- END REVOLUTION SLIDER -->\n[\/vc_column_text][\/vc_column][\/vc_row][vc_row][vc_column][vc_empty_space][\/vc_column][\/vc_row][vc_row][vc_column][vc_column_text]<div class=\"fancy_heading fancy_heading_line\"><div class=\"fh-top\"><\/div><h1 class=\"title \">Cyfrowa telewizja kablowa JAMBOX ju\u017c w sprzeda\u017cy !!!<\/h1><\/div>\n[\/vc_column_text][vc_column_text]<div class=\"fancy_heading fancy_heading_line\"><div class=\"fh-top\"><\/div><h1 class=\"title \"> Ju\u017c dost\u0119pna !!! TELEFONIA Jambox Mobile<\/h1><\/div>\n[\/vc_column_text][\/vc_column][\/vc_row][vc_row][vc_column][vc_empty_space][\/vc_column][\/vc_row][vc_row full_width=&#8221;stretch_row&#8221;][vc_column width=&#8221;1\/2&#8243;][vc_message message_box_style=&#8221;3d&#8221; icon_fontawesome=&#8221;&#8221; css_animation=&#8221;bounceInLeft&#8221;]<\/p>\n<h2><strong>\u00a0<\/strong><\/h2>\n<h2><strong>INTERNET FTTH- \u015aWIAT\u0141OW\u00d3D DO DOMU!!! &#8211;\u00a0\u00a0 bezawaryjne, \u0142\u0105cze doziemne\u00a0 bez ogranicze\u0144 !!!<\/strong><\/h2>\n<h5>ul.Piwonia, ul. Nowowiejska, ul.\u017babia, ul. Szeroka,ul. S\u0142owackiego,<br \/>\nul.M.Konopnickiej,ul. Wojska Polskiego ul. Laskowska, ul. Rolna,<br \/>\nul. Chabrowa ul.Witosa, ul.Orzeszkowej, ul.Pogodna, ul.Harcerska,<br \/>\nul.Agrestowa,ul. Malinowa, ul. Morelowa, ul. Orzechowa, ul. Wi\u015bniowa,<br \/>\nul. Sk\u0142odowskiej-Curie, ul. Biernackiego, ul. Broniewskiego, ul. Szpitalna,<br \/>\nul.Baczy\u0144skiego, ul. Cha\u0142ubi\u0144skiego, ul. Pasteura,\u00a0 ul. Szenwalda,<br \/>\nul. Cio\u0142kowskiego, ul. Szkolna, ul. Kleeberga,\u00a0 ul. Kopernika, ul. Klonowa,<br \/>\nul. Akacjowa, ul. Kosmonaut\u00f3w, ul. Spadochroniarzy, ul. W\u0142odawska,<br \/>\nul. Sk\u0142adnicowa, ul. Tartaczna, cz\u0119\u015b\u0107 ul. Kolejowej, ul. Nadwalna,<br \/>\nul. PCK &#8230;<\/h5>\n<h5><\/h5>\n<h5><\/h5>\n<h6>Zadzwo\u0144 i zapytaj czy jeste\u015b w naszym zasi\u0119gu&#8230;\u00a0\u00a0 tel. 607208221<\/h6>\n<p>[\/vc_message][\/vc_column][vc_column width=&#8221;1\/2&#8243;][vc_message message_box_style=&#8221;3d&#8221; icon_fontawesome=&#8221;&#8221; css_animation=&#8221;bounceInRight&#8221;]<\/p>\n<h2><strong>\u00a0<\/strong><\/h2>\n<h2><strong>INTERNET FTTH- \u015aWIAT\u0141OW\u00d3D do twojego MIESZKANIA!-<\/strong><\/h2>\n<h2><strong> bezawaryjne, \u0142\u0105cze bez ogranicze\u0144!<\/strong><\/h2>\n<h5>Bloki przy ul. Harcerska, Al. Jana Paw\u0142a II , ul.Polna, ul.Sp\u00f3\u0142dzielcza,<br \/>\n11Listopada, ul. Kleeberga, ul. Szpitalna 1, 1A, 1B,\u00a0 ul. W\u0142odawska 36, ul.W\u0142odawska 38&#8230;<\/h5>\n<h6>Zadzwo\u0144 i zapytaj czy jeste\u015b w naszym zasi\u0119gu&#8230; tel. 607208221<\/h6>\n<p>[\/vc_message][\/vc_column][\/vc_row][vc_row][vc_column][vc_empty_space][\/vc_column][\/vc_row][vc_row css_animation=&#8221;fadeIn&#8221;][vc_column][vc_single_image image=&#8221;11&#8243; img_size=&#8221;full&#8221; alignment=&#8221;center&#8221;][\/vc_column][\/vc_row][vc_row][vc_column][vc_empty_space][\/vc_column][\/vc_row][vc_row css_animation=&#8221;fadeIn&#8221;][vc_column][vc_column_text el_id=&#8221;AboutText&#8221;]<\/p>\n<h3 id=\"AboutText\">Jeste\u015bmy niezale\u017cnym operatorem telekomunikacyjnym \u015bwiadcz\u0105cym us\u0142ugi dost\u0119pu do Internetu g\u0142\u00f3wnie na terenie powiatu parczewskiego. Us\u0142ugi te realizujemy w oparciu o w\u0142asn\u0105, szerokopasmow\u0105 sie\u0107 teleinformatyczn\u0105. Oferujemy\u00a0 dost\u0119p do sieci\u00a0 Internet\u00a0 w technologii FTTH, \u00a0 ethernetowej oraz radiowej.<\/h3>\n<h3><\/h3>\n<p>&nbsp;<\/p>\n<h3 id=\"AboutText\">Nasz\u0105 ofert\u0119 kierujemy zar\u00f3wno do os\u00f3b prywatnych jak i do firm, kt\u00f3re chcia\u0142yby zwi\u0119kszy\u0107 efektywno\u015b\u0107 i szybko\u015b\u0107 swojej pracy.<\/h3>\n<h3>Zapraszamy do zapoznania si\u0119 z ofert\u0105 INPAR.<\/h3>\n<p>[\/vc_column_text][\/vc_column][\/vc_row][vc_row][vc_column][vc_empty_space][\/vc_column][\/vc_row][vc_row full_width=&#8221;stretch_row_content&#8221; parallax=&#8221;content-moving&#8221; parallax_image=&#8221;55&#8243; parallax_speed_bg=&#8221;3&#8243;][vc_column][vc_empty_space height=&#8221;350px&#8221;][\/vc_column][\/vc_row][vc_row][vc_column][vc_column_text]<div class=\"fancy_heading fancy_heading_line\"><div class=\"fh-top\"><\/div><h2 class=\"title\">CO OFERUJEMY?<\/h2><\/div>\n[\/vc_column_text][\/vc_column][\/vc_row][vc_row full_width=&#8221;stretch_row&#8221; gap=&#8221;20&#8243; css_animation=&#8221;fadeIn&#8221;][vc_column width=&#8221;1\/3&#8243;][vc_column_text]<div class=\"icon_box icon_position_top no_border\"><a class=\"\" href=\"http:\/\/inpar.pl\/index.php\/ftth\/\"   title=\"\"><div class=\"icon_wrapper\"><div class=\"icon\"><i class=\"icon-signal\" aria-hidden=\"true\"><\/i><\/div><\/div><div class=\"desc_wrapper\"><h4 class=\"title \">INTERNET w INPAR<\/h4><div class=\"desc\">Dost\u0119p do informacji<br \/>\nw dzisiejszych czasach<br \/>\nto podstawa dla dzia\u0142ania i rozwoju.<\/div><\/div><\/a><\/div>\n[\/vc_column_text][\/vc_column][vc_column width=&#8221;1\/3&#8243;][vc_column_text]<div class=\"icon_box icon_position_top no_border\"><a class=\"\" href=\"http:\/\/inpar.pl\/index.php\/telewizja-iptv\/\"   title=\"\"><div class=\"icon_wrapper\"><div class=\"icon\"><i class=\"icon-monitor\" aria-hidden=\"true\"><\/i><\/div><\/div><div class=\"desc_wrapper\"><h4 class=\"title \">TELEWIZJA<\/h4><div class=\"desc\">Telewizja 3 generacji xxxxxxxxxxxx<br \/>\nto w pe\u0142ni cyfrowa,<br \/>\ninteraktywna telewizja \u015bwiat\u0142owodowa,<br \/>\nkt\u00f3ra zmieni Tw\u00f3j pogl\u0105d na telewizj\u0119.<\/div><\/div><\/a><\/div>\n[\/vc_column_text][\/vc_column][vc_column width=&#8221;1\/3&#8243;][vc_column_text]<div class=\"icon_box icon_position_top no_border\"><a class=\"\" href=\"http:\/\/inpar.pl\/index.php\/outsorcing\/\"   title=\"\"><div class=\"icon_wrapper\"><div class=\"icon\"><i class=\"icon-flow-tree\" aria-hidden=\"true\"><\/i><\/div><\/div><div class=\"desc_wrapper\"><h4 class=\"title \">US\u0141UGI DODATKOWE<\/h4><div class=\"desc\">Wsp\u00f3\u0142praca firm w sektorze IT to bardzo wa\u017cny element.<br \/>\nJe\u015bli szukasz do\u015bwiadczonego partnera technologicznego to dobrze trafi\u0142e\u015b !<\/div><\/div><\/a><\/div>\n[\/vc_column_text][\/vc_column][\/vc_row][vc_row full_width=&#8221;stretch_row_content&#8221; parallax=&#8221;content-moving&#8221; parallax_image=&#8221;87&#8243; parallax_speed_bg=&#8221;3&#8243;][vc_column][vc_empty_space height=&#8221;350px&#8221;][\/vc_column][\/vc_row][vc_row][vc_column][vc_column_text]<div class=\"fancy_heading fancy_heading_line\"><div class=\"fh-top\"><\/div><h2 class=\"title\">CO NAS WYR\u00d3\u017bNIA?<\/h2><\/div>\n[\/vc_column_text][\/vc_column][\/vc_row][vc_row css_animation=&#8221;fadeIn&#8221;][vc_column width=&#8221;1\/3&#8243;][vc_column_text]<div class=\"icon_box icon_position_top no_border\"><div class=\"icon_wrapper\"><div class=\"icon\"><i class=\"icon-params-line\" aria-hidden=\"true\"><\/i><\/div><\/div><div class=\"desc_wrapper\"><h4 class=\"title \">NAJWY\u017bSZE PARAMETRY<\/h4><div class=\"desc\">Realizuj\u0105c kluczowe us\u0142ugi dla naszych klient\u00f3w, nie mo\u017cemy nierozs\u0105dnie oszcz\u0119dza\u0107.<br \/>\nSie\u0107 INPAR rozbudowujemy wg najlepszych rekomendacji z uwzgl\u0119dnieniem skalowalno\u015bci, aby sprosta\u0107 dynamicznie wzrastaj\u0105cym oczekiwaniom naszych odbiorc\u00f3w i tworzy\u0107 najlepszy internet \u015bwiat\u0142owodowy oraz radiowy<\/div><\/div><\/div>\n[\/vc_column_text][\/vc_column][vc_column width=&#8221;1\/3&#8243;][vc_column_text]<div class=\"icon_box icon_position_top no_border\"><div class=\"icon_wrapper\"><div class=\"icon\"><i class=\"icon-eye-line\" aria-hidden=\"true\"><\/i><\/div><\/div><div class=\"desc_wrapper\"><h4 class=\"title \">MONITORING 24\/7\/365<\/h4><div class=\"desc\">Przewidujemy potencjalne awarie. Dzi\u0119ki nadzwyczajnemu opomiarowaniu parametr\u00f3w funkcjonowania ka\u017cdego odcinka sieci i restrykcyjnym regu\u0142om alert\u00f3w, nasz zesp\u00f3\u0142 reaguje zanim incydenty wyst\u0105pi\u0105, zapobiegaj\u0105c przerwom w dost\u0119pno\u015bci us\u0142ug.<\/div><\/div><\/div>\n[\/vc_column_text][\/vc_column][vc_column width=&#8221;1\/3&#8243;][vc_column_text]<div class=\"icon_box icon_position_top no_border\"><div class=\"icon_wrapper\"><div class=\"icon\"><i class=\"icon-lifebuoy\" aria-hidden=\"true\"><\/i><\/div><\/div><div class=\"desc_wrapper\"><h4 class=\"title \">NATYCHMIASTOWA REAKCJA<\/h4><div class=\"desc\">Nawet 99,99% dost\u0119pno\u015bci, natychmiastowa reakcja na zg\u0142oszenie awarii, ekspresowy serwis.<br \/>\nLiczba naszych klient\u00f3w ro\u015bnie dynamicznie, a nasza sie\u0107 jest coraz lepsza, co znacz\u0105co wp\u0142ywa na statystyki zwi\u0105zane ze zg\u0142aszaniem niedost\u0119pno\u015bci us\u0142ug.<\/div><\/div><\/div>\n[\/vc_column_text][\/vc_column][\/vc_row][vc_row][vc_column][vc_empty_space][\/vc_column][\/vc_row][vc_row][vc_column][vc_column_text]<div class=\"fancy_heading fancy_heading_line\"><div class=\"fh-top\"><\/div><h2 class=\"title\">MAPA NADAJNIK\u00d3W<\/h2><\/div>\n[\/vc_column_text][\/vc_column][\/vc_row][vc_row full_width=&#8221;stretch_row_content_no_spaces&#8221; disable_element=&#8221;yes&#8221; css=&#8221;.vc_custom_1523710191223{margin-bottom: 0px !important;border-bottom-width: 0px !important;padding-bottom: 0px !important;}&#8221;][vc_column][vc_column_text]<div class=\"google-map-wrapper no_border\"><div class=\"google-map\" id=\"google-map-area-69fb214de4fab\" style=\"width:100%; height:650px; \">&nbsp;<\/div><\/div>\n[\/vc_column_text][\/vc_column][\/vc_row][vc_row full_width=&#8221;stretch_row_content_no_spaces&#8221; css=&#8221;.vc_custom_1523710331313{padding-top: 30px !important;}&#8221;][vc_column][vc_single_image image=&#8221;841&#8243; img_size=&#8221;full&#8221; alignment=&#8221;center&#8221;][\/vc_column][\/vc_row]<\/p>\n<\/div>","protected":false},"excerpt":{"rendered":"<p>[vc_row full_width=&#8221;stretch_row_content_no_spaces&#8221;][vc_column][vc_column_text][\/vc_column_text][\/vc_column][\/vc_row][vc_row][vc_column][vc_empty_space][\/vc_column][\/vc_row][vc_row][vc_column][vc_column_text][\/vc_column_text][vc_column_text][\/vc_column_text][\/vc_column][\/vc_row][vc_row][vc_column][vc_empty_space][\/vc_column][\/vc_row][vc_row full_width=&#8221;stretch_row&#8221;][vc_column width=&#8221;1\/2&#8243;][vc_message message_box_style=&#8221;3d&#8221; icon_fontawesome=&#8221;&#8221; css_animation=&#8221;bounceInLeft&#8221;] \u00a0 INTERNET FTTH- \u015aWIAT\u0141OW\u00d3D DO DOMU!!! &#8211;\u00a0\u00a0 bezawaryjne, \u0142\u0105cze doziemne\u00a0 bez ogranicze\u0144 !!! ul.Piwonia, ul. Nowowiejska, ul.\u017babia, ul. Szeroka,ul.<span class=\"excerpt-hellip\"> [\u2026]<\/span><\/p>\n","protected":false},"author":3,"featured_media":0,"parent":0,"menu_order":0,"comment_status":"closed","ping_status":"open","template":"","meta":{"footnotes":""},"class_list":["post-2","page","type-page","status-publish","hentry"],"_links":{"self":[{"href":"https:\/\/www.inpar.pl\/index.php\/wp-json\/wp\/v2\/pages\/2","targetHints":{"allow":["GET"]}}],"collection":[{"href":"https:\/\/www.inpar.pl\/index.php\/wp-json\/wp\/v2\/pages"}],"about":[{"href":"https:\/\/www.inpar.pl\/index.php\/wp-json\/wp\/v2\/types\/page"}],"author":[{"embeddable":true,"href":"https:\/\/www.inpar.pl\/index.php\/wp-json\/wp\/v2\/users\/3"}],"replies":[{"embeddable":true,"href":"https:\/\/www.inpar.pl\/index.php\/wp-json\/wp\/v2\/comments?post=2"}],"version-history":[{"count":239,"href":"https:\/\/www.inpar.pl\/index.php\/wp-json\/wp\/v2\/pages\/2\/revisions"}],"predecessor-version":[{"id":1388,"href":"https:\/\/www.inpar.pl\/index.php\/wp-json\/wp\/v2\/pages\/2\/revisions\/1388"}],"wp:attachment":[{"href":"https:\/\/www.inpar.pl\/index.php\/wp-json\/wp\/v2\/media?parent=2"}],"curies":[{"name":"wp","href":"https:\/\/api.w.org\/{rel}","templated":true}]}}