{"id":170,"date":"2018-03-14T09:54:46","date_gmt":"2018-03-14T08:54:46","guid":{"rendered":"http:\/\/inpar.pl\/?page_id=170"},"modified":"2026-02-02T14:14:52","modified_gmt":"2026-02-02T13:14:52","slug":"telewizja-iptv","status":"publish","type":"page","link":"https:\/\/www.inpar.pl\/index.php\/telewizja-iptv\/","title":{"rendered":"Telewizja  + Telefon"},"content":{"rendered":"<div class=\"wpb-content-wrapper\"><p>[vc_row][vc_column][vc_column_text css_animation=&#8221;bounceIn&#8221; css=&#8221;&#8221;]<\/p>\n<h2><strong>Informujemy o wprowadzeniu do\u00a0 naszej oferty pakietu Disney +<\/strong><\/h2>\n<p><img loading=\"lazy\" decoding=\"async\" class=\"alignnone size-medium wp-image-5697\" src=\"https:\/\/www.inpar.pl\/wp-content\/uploads\/2026\/02\/2025-12-promocja-disney-plus-banner-300x169.jpg\" alt=\"\" width=\"300\" height=\"169\" srcset=\"https:\/\/www.inpar.pl\/wp-content\/uploads\/2026\/02\/2025-12-promocja-disney-plus-banner-300x169.jpg 300w, https:\/\/www.inpar.pl\/wp-content\/uploads\/2026\/02\/2025-12-promocja-disney-plus-banner-1024x576.jpg 1024w, https:\/\/www.inpar.pl\/wp-content\/uploads\/2026\/02\/2025-12-promocja-disney-plus-banner-768x432.jpg 768w, https:\/\/www.inpar.pl\/wp-content\/uploads\/2026\/02\/2025-12-promocja-disney-plus-banner-1536x864.jpg 1536w, https:\/\/www.inpar.pl\/wp-content\/uploads\/2026\/02\/2025-12-promocja-disney-plus-banner-133x75.jpg 133w, https:\/\/www.inpar.pl\/wp-content\/uploads\/2026\/02\/2025-12-promocja-disney-plus-banner-480x270.jpg 480w, https:\/\/www.inpar.pl\/wp-content\/uploads\/2026\/02\/2025-12-promocja-disney-plus-banner.jpg 1920w\" sizes=\"auto, (max-width:767px) 300px, 300px\" \/>[\/vc_column_text][vc_column_text css_animation=&#8221;rotateIn&#8221; css=&#8221;&#8221;]<\/p>\n<h3>Lista kana\u0142\u00f3w w Telewizji Jambox!!!<\/h3>\n<p>[\/vc_column_text][vc_column_text css_animation=&#8221;rollIn&#8221; css=&#8221;&#8221;]<a href=\"https:\/\/www.inpar.pl\/wp-content\/uploads\/2024\/08\/Lista-kanalow-PAKIET-PODSTAWOWY.pdf\">Lista kana\u0142\u00f3w PAKIET PODSTAWOWY<\/a><\/p>\n<p><a href=\"https:\/\/www.inpar.pl\/wp-content\/uploads\/2024\/08\/Lista-kanalow-PAKIET-KORZYSTNY.pdf\">Lista kana\u0142\u00f3w PAKIET KORZYSTNY<\/a><\/p>\n<p><a href=\"https:\/\/www.inpar.pl\/wp-content\/uploads\/2024\/08\/Lista-kanalow-PAKIET-BOGATY.pdf\">Lista kana\u0142\u00f3w PAKIET BOGATY<\/a><\/p>\n<p><a href=\"https:\/\/www.inpar.pl\/wp-content\/uploads\/2025\/04\/2025-02-jambox-programming-PLUS-A5-DRUK.pdf\">ULOTKA PROGRAMOWA do pobrania \u00a0 2025-02-jambox-programming-PLUS-A5-DRUK<\/a>[\/vc_column_text][vc_gallery interval=&#8221;3&#8243; images=&#8221;1159&#8243;][vc_gallery interval=&#8221;3&#8243; images=&#8221;1159&#8243;][vc_column_text]<strong>Dodatkowe szczeg\u00f3\u0142y dotycz\u0105ce oferty cyfrowej telewizji kablowej JAMBOX uzyskaj\u0105 pa\u0144stwo w naszym Biurze Obs\u0142ugi Klienta od poniedzia\u0142ku do pi\u0105tku w godzinach 9:00 &#8211; 16:00, sobota 10.00 &#8211; 13.00 lub telefonicznie pod numerem 607208221<br \/>\n<\/strong>[\/vc_column_text][\/vc_column][\/vc_row][vc_row][vc_column][vc_cta h2=&#8221;&#8221; txt_align=&#8221;center&#8221; color=&#8221;sky&#8221; add_icon=&#8221;left&#8221; i_icon_fontawesome=&#8221;fa fa-bullhorn&#8221; i_size=&#8221;xl&#8221;]<img loading=\"lazy\" decoding=\"async\" class=\"alignnone size-full wp-image-1147\" src=\"http:\/\/inpar.pl\/wp-content\/uploads\/2022\/08\/2021-kompozycja-2tv-kyanit-stb.png\" alt=\"\" width=\"1686\" height=\"1100\" \/>[\/vc_cta][\/vc_column][\/vc_row][vc_row][vc_column][vc_message css=&#8221;&#8221;]<strong>Klauzula informacyjna Data Act<\/strong><\/p>\n<p>Od 12.09.2025 roku Dostawca Us\u0142ug stosuje Data Act (Akt w sprawie danych). Celem tego aktu prawnego jest zapewnienie sprawiedliwego dost\u0119pu, pobierania, udost\u0119pniania i wykorzystywania danych (w tym Danych Osobowych i Danych Nieosobowych) pochodz\u0105cych z Produkt\u00f3w Skomunikowanych lub Us\u0142ug Data Act.<\/p>\n<p>Niniejszym Dostawca Us\u0142ug przekazuje Pa\u0144stwu informacje o:<\/p>\n<ol class=\"plain\">\n<li>danych, kt\u00f3re s\u0105 generowane i wykorzystywane przez Produkty Skomunikowane udost\u0119pniane przez Dostawc\u0119 Us\u0142ug lub przez Us\u0142ugi Data Act \u015bwiadczone przez Dostawc\u0119 Us\u0142ug;<\/li>\n<li>uprawnieniach przyznanych U\u017cytkownikom na mocy Data Act;<\/li>\n<li>sposobach realizacji uprawnie\u0144 wynikaj\u0105cych z Data Act.<\/li>\n<\/ol>\n<p><strong>Produkty skomunikowane <\/strong><\/p>\n<p>Dostawca Us\u0142ug zobowi\u0105zany jest do przekazania Pa\u0144stwu informacji o Produkcie Skomunikowanym.<\/p>\n<p>Realizuj\u0105c obowi\u0105zki informacyjne, Dostawca Us\u0142ug przekazuje jasne informacje, o ile s\u0105 jemu dost\u0119pne, o:<\/p>\n<ul class=\"plain\">\n<li>rodzaju, formacie, szacunkowej ilo\u015bci danych, kt\u00f3re Produkt Skomunikowany jest w stanie wygenerowa\u0107,<\/li>\n<li>generowaniu danych w trybie ci\u0105g\u0142ym i w czasie rzeczywistym,<\/li>\n<li>sposobie przechowywania danych, tj. na urz\u0105dzeniu lub na zdalnym serwerze,<\/li>\n<li>okresie przechowywania danych,<\/li>\n<li>sposobie uzyskiwania dost\u0119pu do danych,<\/li>\n<li>sposobie pobierania lub usuwania danych,<\/li>\n<li>\u015brodkach technicznych dotycz\u0105cych uzyskiwania dost\u0119pu, pobierania lub usuwania danych,<\/li>\n<li>warunkach wykorzystywania w\/w \u015brodk\u00f3w technicznych oraz jako\u015bci us\u0142ug z tym zwi\u0105zanych.<\/li>\n<\/ul>\n<p>W zakresie us\u0142ug telewizyjnych produktem skomunikowanym jest <strong>DEKODER TV<\/strong>.<\/p>\n<p>&nbsp;<\/p>\n<p><strong>Dostawca Us\u0142ug pozyskuje z Produktu Skomunikowanego jedynie dane niezb\u0119dne do \u015bwiadczenia i zapewnienia nale\u017cytej jako\u015bci us\u0142ug komunikacji elektronicznej lub us\u0142ug cyfrowych.<\/strong><\/p>\n<p>Informacje o tych danych Dostawca Us\u0142ug udost\u0119pnia\u00a0 W karcie informacyjnej Produktu Skomunikowanego, za\u0142\u0105cznikI poni\u017cej:<br \/>\n<a href=\"https:\/\/www.inpar.pl\/wp-content\/uploads\/2025\/10\/VIP4302-Arris.pdf\">VIP4302 &#8211; Arris<\/a><br \/>\n<a href=\"https:\/\/www.inpar.pl\/wp-content\/uploads\/2025\/10\/VIP1113-Arris.pdf\">VIP1113 &#8211; Arris<\/a><br \/>\n<a href=\"https:\/\/www.inpar.pl\/wp-content\/uploads\/2025\/10\/VIP5202-Arris.pdf\">VIP5202 &#8211; Arris<\/a><br \/>\n<a href=\"https:\/\/www.inpar.pl\/wp-content\/uploads\/2025\/10\/TV-Smart-4K-BOX-DV8988-SDMC.pdf\">TV Smart 4K BOX DV8988 &#8211; SDMC<\/a>[\/vc_message][\/vc_column][\/vc_row]<\/p>\n<\/div>","protected":false},"excerpt":{"rendered":"<p>[vc_row][vc_column][vc_column_text css_animation=&#8221;bounceIn&#8221; css=&#8221;&#8221;] Informujemy o wprowadzeniu do\u00a0 naszej oferty pakietu Disney + [\/vc_column_text][vc_column_text css_animation=&#8221;rotateIn&#8221; css=&#8221;&#8221;] Lista kana\u0142\u00f3w w Telewizji Jambox!!! [\/vc_column_text][vc_column_text css_animation=&#8221;rollIn&#8221; css=&#8221;&#8221;]Lista kana\u0142\u00f3w PAKIET PODSTAWOWY<span class=\"excerpt-hellip\"> [\u2026]<\/span><\/p>\n","protected":false},"author":3,"featured_media":0,"parent":0,"menu_order":0,"comment_status":"closed","ping_status":"closed","template":"","meta":{"footnotes":""},"class_list":["post-170","page","type-page","status-publish","hentry"],"_links":{"self":[{"href":"https:\/\/www.inpar.pl\/index.php\/wp-json\/wp\/v2\/pages\/170","targetHints":{"allow":["GET"]}}],"collection":[{"href":"https:\/\/www.inpar.pl\/index.php\/wp-json\/wp\/v2\/pages"}],"about":[{"href":"https:\/\/www.inpar.pl\/index.php\/wp-json\/wp\/v2\/types\/page"}],"author":[{"embeddable":true,"href":"https:\/\/www.inpar.pl\/index.php\/wp-json\/wp\/v2\/users\/3"}],"replies":[{"embeddable":true,"href":"https:\/\/www.inpar.pl\/index.php\/wp-json\/wp\/v2\/comments?post=170"}],"version-history":[{"count":18,"href":"https:\/\/www.inpar.pl\/index.php\/wp-json\/wp\/v2\/pages\/170\/revisions"}],"predecessor-version":[{"id":5698,"href":"https:\/\/www.inpar.pl\/index.php\/wp-json\/wp\/v2\/pages\/170\/revisions\/5698"}],"wp:attachment":[{"href":"https:\/\/www.inpar.pl\/index.php\/wp-json\/wp\/v2\/media?parent=170"}],"curies":[{"name":"wp","href":"https:\/\/api.w.org\/{rel}","templated":true}]}}