{"id":139,"date":"2018-03-13T21:38:07","date_gmt":"2018-03-13T20:38:07","guid":{"rendered":"http:\/\/inpar.pl\/?page_id=139"},"modified":"2024-11-28T15:40:08","modified_gmt":"2024-11-28T14:40:08","slug":"internet-radiowy","status":"publish","type":"page","link":"https:\/\/www.inpar.pl\/index.php\/internet-radiowy\/","title":{"rendered":"Internet radiowy"},"content":{"rendered":"<div class=\"wpb-content-wrapper\"><p>[vc_row gap=&#8221;35&#8243; css_animation=&#8221;slideInDown&#8221;][vc_column width=&#8221;1\/2&#8243;][vc_single_image image=&#8221;489&#8243; img_size=&#8221;full&#8221; alignment=&#8221;center&#8221; style=&#8221;vc_box_outline&#8221;][\/vc_column][vc_column width=&#8221;1\/2&#8243; css=&#8221;.vc_custom_1521983608058{padding-top: 50px !important;}&#8221;]<div class=\"fancy_heading fancy_heading_line\"><div class=\"fh-top\"><\/div><h2 class=\"title\">Internet radiowy<\/h2><\/div>\n[vc_column_text]<\/p>\n<p style=\"text-align: center;\">W Twojej miejscowo\u015bci nie ma sieci \u015bwiat\u0142owodowej a nie chcesz ogranicze\u0144 zwi\u0105zanych z limitami internetu LTE ?<\/p>\n<p style=\"text-align: center;\">Internet radiowy w INPAR jest idealnym rozwi\u0105zaniem dla Ciebie!<\/p>\n<p style=\"text-align: center;\">Posiadamy rozbudowan\u0105 sie\u0107 szerokopasmow\u0105 dzi\u0119ki czemu swoim zasi\u0119giem potrafimy dotrze\u0107 w najdalsze zak\u0105tki naszego powiatu!<\/p>\n<p style=\"text-align: center;\">Dzi\u0119ki technologii 5GHz jeste\u015bmy w stanie \u015bwiadczy\u0107 nasze us\u0142ugi na najwy\u017cszym poziomie zapewniaj\u0105c wysokie pr\u0119dko\u015bci a jednocze\u015bnie stabilno\u015b\u0107 \u0142\u0105cza.<\/p>\n<p>[\/vc_column_text][\/vc_column][\/vc_row][vc_row][vc_column][vc_message message_box_color=&#8221;pink&#8221;]<\/p>\n<h1><strong>Promocja 2 x wi\u0119cej!!!<\/strong><\/h1>\n<p>W celu uzyskania dodatkowych informacji na temat innych parametr\u00f3w \u0142\u0105cza- pr\u0119dko\u015bci pobierania,\u00a0 wysy\u0142ania i adresacji prosimy o <a href=\"http:\/\/inpar.pl\/index.php\/kontakt\/\">Kontakt<\/a>[\/vc_message][\/vc_column][\/vc_row][vc_row gap=&#8221;20&#8243;][vc_column css_animation=&#8221;fadeIn&#8221; width=&#8221;1\/2&#8243; el_class=&#8221;radio_oferta&#8221; css=&#8221;.vc_custom_1521913906036{border-top-width: 1px !important;border-right-width: 1px !important;border-bottom-width: 1px !important;border-left-width: 1px !important;border-left-color: #5aa1e3 !important;border-left-style: solid !important;border-right-color: #5aa1e3 !important;border-right-style: solid !important;border-top-color: #5aa1e3 !important;border-top-style: solid !important;border-bottom-color: #5aa1e3 !important;border-bottom-style: solid !important;}&#8221; offset=&#8221;vc_col-md-3 vc_col-xs-12&#8243;]<div class=\"quick_fact align_center animate-math\"><h4 class=\"title heading_tag \">PR\u0118DKO\u015a\u0106<\/h4><div class=\"number-wrapper\"><span class=\"number\" data-to=\"6\">6<\/span><span class=\"label postfix\">Mb\/s<\/span><\/div><hr class=\"hr_narrow\" \/><div class=\"desc\"><\/div><\/div>\n<div class=\"quick_fact align_center animate-math\"><h4 class=\"title heading_tag \">ABONAMENT<\/h4><hr class=\"hr_narrow\" \/><div class=\"desc\"><\/div><\/div>\n[vc_separator color=&#8221;sky&#8221;][vc_column_text css=&#8221;&#8221;]<\/p>\n<p style=\"text-align: center;\"><strong>Stabilne<\/strong> \u0142\u0105cze<\/p>\n<hr \/>\n<p style=\"text-align: center;\"><strong>Brak limitu<\/strong> danych<\/p>\n<hr \/>\n<p style=\"text-align: center;\">Instalacja i aktywacja us\u0142ugi 150 z\u0142<\/p>\n<p>[\/vc_column_text][\/vc_column][vc_column css_animation=&#8221;fadeIn&#8221; width=&#8221;1\/2&#8243; css=&#8221;.vc_custom_1521913940233{border-top-width: 1px !important;border-right-width: 1px !important;border-bottom-width: 1px !important;border-left-width: 1px !important;border-left-color: #5aa1e3 !important;border-left-style: solid !important;border-right-color: #5aa1e3 !important;border-right-style: solid !important;border-top-color: #5aa1e3 !important;border-top-style: solid !important;border-bottom-color: #5aa1e3 !important;border-bottom-style: solid !important;}&#8221; el_class=&#8221;radio_oferta&#8221; offset=&#8221;vc_col-md-3 vc_col-xs-12&#8243;]<div class=\"quick_fact align_center animate-math\"><h4 class=\"title heading_tag \">PR\u0118DKO\u015a\u0106<\/h4><div class=\"number-wrapper\"><span class=\"number\" data-to=\"12\">12<\/span><span class=\"label postfix\">Mb\/s<\/span><\/div><hr class=\"hr_narrow\" \/><div class=\"desc\"><\/div><\/div>\n<div class=\"quick_fact align_center animate-math\"><h4 class=\"title heading_tag \">ABONAMENT<\/h4><hr class=\"hr_narrow\" \/><div class=\"desc\"><\/div><\/div>\n[vc_separator color=&#8221;sky&#8221;][vc_column_text css=&#8221;&#8221;]<\/p>\n<p style=\"text-align: center;\"><strong>Stabilne<\/strong> \u0142\u0105cze<\/p>\n<hr \/>\n<p style=\"text-align: center;\"><strong>Brak limitu<\/strong> danych<\/p>\n<hr \/>\n<p style=\"text-align: center;\">Instalacja i aktywacja us\u0142ugi 150 z\u0142<\/p>\n<p>[\/vc_column_text][\/vc_column][vc_column css_animation=&#8221;fadeIn&#8221; width=&#8221;1\/2&#8243; css=&#8221;.vc_custom_1523452484861{border-top-width: 1px !important;border-right-width: 1px !important;border-bottom-width: 1px !important;border-left-width: 1px !important;border-left-color: #ff0000 !important;border-left-style: solid !important;border-right-color: #ff0000 !important;border-right-style: solid !important;border-top-color: #ff0000 !important;border-top-style: solid !important;border-bottom-color: #ff0000 !important;border-bottom-style: solid !important;}&#8221; el_class=&#8221;super_radio_oferta&#8221; offset=&#8221;vc_col-md-3 vc_col-xs-12&#8243;]<div class=\"quick_fact align_center animate-math\"><h4 class=\"title heading_tag \">PR\u0118DKO\u015a\u0106<\/h4><div class=\"number-wrapper\"><span class=\"number\" data-to=\"18\">18<\/span><span class=\"label postfix\">Mb\/s<\/span><\/div><hr class=\"hr_narrow\" \/><div class=\"desc\"><\/div><\/div>\n<div class=\"quick_fact align_center animate-math\"><h4 class=\"title heading_tag \">ABONAMENT<\/h4><hr class=\"hr_narrow\" \/><div class=\"desc\"><\/div><\/div>\n[vc_separator color=&#8221;sky&#8221;][vc_column_text css=&#8221;&#8221;]<\/p>\n<p style=\"text-align: center;\"><strong>Stabilne<\/strong> \u0142\u0105cze<\/p>\n<hr \/>\n<p style=\"text-align: center;\"><strong>Brak limitu<\/strong> danych<\/p>\n<hr \/>\n<p style=\"text-align: center;\">Instalacja i aktywacja us\u0142ugi 150 z\u0142<\/p>\n<p>[\/vc_column_text][\/vc_column][vc_column css_animation=&#8221;fadeIn&#8221; width=&#8221;1\/2&#8243; css=&#8221;.vc_custom_1521913969296{border-top-width: 1px !important;border-right-width: 1px !important;border-bottom-width: 1px !important;border-left-width: 1px !important;border-left-color: #5aa1e3 !important;border-left-style: solid !important;border-right-color: #5aa1e3 !important;border-right-style: solid !important;border-top-color: #5aa1e3 !important;border-top-style: solid !important;border-bottom-color: #5aa1e3 !important;border-bottom-style: solid !important;}&#8221; el_class=&#8221;radio_oferta&#8221; offset=&#8221;vc_col-md-3 vc_col-xs-12&#8243;]<div class=\"quick_fact align_center animate-math\"><h4 class=\"title heading_tag \">PR\u0118DKO\u015a\u0106<\/h4><div class=\"number-wrapper\"><span class=\"number\" data-to=\"25\">25<\/span><span class=\"label postfix\">Mb\/s<\/span><\/div><hr class=\"hr_narrow\" \/><div class=\"desc\"><\/div><\/div>\n<div class=\"quick_fact align_center animate-math\"><h4 class=\"title heading_tag \">ABONAMENT<\/h4><hr class=\"hr_narrow\" \/><div class=\"desc\"><\/div><\/div>\n[vc_separator color=&#8221;sky&#8221;][vc_column_text css=&#8221;&#8221;]<\/p>\n<p style=\"text-align: center;\"><strong>Stabilne<\/strong> \u0142\u0105cze<\/p>\n<hr \/>\n<p style=\"text-align: center;\"><strong>Brak limitu<\/strong> danych<\/p>\n<hr \/>\n<p style=\"text-align: center;\">Instalacja i aktywacja us\u0142ugi 150 z\u0142<\/p>\n<p>[\/vc_column_text][\/vc_column][\/vc_row][vc_row gap=&#8221;30&#8243; css_animation=&#8221;fadeInUp&#8221;][vc_column css=&#8221;.vc_custom_1521983616206{padding-top: 20px !important;}&#8221;][vc_message message_box_color=&#8221;turquoise&#8221; css=&#8221;.vc_custom_1674768224567{margin-bottom: 5px !important;}&#8221;]Koszt <strong>sta\u0142ego publicznego adresu IP<\/strong> to <strong>10z\u0142<\/strong> miesi\u0119cznie<\/p>\n<p>PROMOCJA wa\u017cna od 1.02.2023 do odwo\u0142ania.<br \/>\nPromocja ograniczona czasowo i terytorialnie, ulotka nie stanowi oferty handlowej w rozumieniu przepis\u00f3w prawa.[\/vc_message][\/vc_column][\/vc_row][vc_row][vc_column][vc_empty_space][\/vc_column][\/vc_row][vc_row][vc_column css_animation=&#8221;fadeInLeft&#8221; width=&#8221;1\/2&#8243; css=&#8221;.vc_custom_1521838394163{padding-top: 25px !important;}&#8221;]<div class=\"fancy_heading fancy_heading_line\"><div class=\"fh-top\"><\/div><h2 class=\"title\">Router Wi-Fi<\/h2><\/div>\n[vc_column_text]<\/p>\n<ul>\n<li>Pr\u0119dko\u015b\u0107 transmisji do 300Mb\/s zapewnia p\u0142ynny przekaz danych wra\u017cliwych na zak\u0142\u00f3cenia (np. transmisja wideo w jako\u015bci HD)<\/li>\n<li>Wykorzystanie dw\u00f3ch anten znacz\u0105co zwi\u0119ksza si\u0142\u0119 i stabilno\u015b\u0107 \u0142\u0105cza bezprzewodowego<\/li>\n<li>Przycisk WPS umo\u017cliwia proste zestawienie po\u0142\u0105czenia szyfrowanego<\/li>\n<li>Kontrola przepustowo\u015bci po adresach IP umo\u017cliwia administratorom ustalanie limit\u00f3w ruchu dla poszczeg\u00f3lnych komputer\u00f3w<\/li>\n<\/ul>\n<p>[\/vc_column_text][\/vc_column][vc_column css_animation=&#8221;fadeInRight&#8221; width=&#8221;1\/2&#8243;][vc_single_image image=&#8221;848&#8243; img_size=&#8221;full&#8221; alignment=&#8221;center&#8221;][\/vc_column][\/vc_row]<\/p>\n<\/div>","protected":false},"excerpt":{"rendered":"<p>[vc_row gap=&#8221;35&#8243; css_animation=&#8221;slideInDown&#8221;][vc_column width=&#8221;1\/2&#8243;][vc_single_image image=&#8221;489&#8243; img_size=&#8221;full&#8221; alignment=&#8221;center&#8221; style=&#8221;vc_box_outline&#8221;][\/vc_column][vc_column width=&#8221;1\/2&#8243; css=&#8221;.vc_custom_1521983608058{padding-top: 50px !important;}&#8221;][vc_column_text] W Twojej miejscowo\u015bci nie ma sieci \u015bwiat\u0142owodowej a nie chcesz ogranicze\u0144 zwi\u0105zanych z limitami<span class=\"excerpt-hellip\"> [\u2026]<\/span><\/p>\n","protected":false},"author":3,"featured_media":0,"parent":0,"menu_order":0,"comment_status":"closed","ping_status":"closed","template":"","meta":{"footnotes":""},"class_list":["post-139","page","type-page","status-publish","hentry"],"_links":{"self":[{"href":"https:\/\/www.inpar.pl\/index.php\/wp-json\/wp\/v2\/pages\/139","targetHints":{"allow":["GET"]}}],"collection":[{"href":"https:\/\/www.inpar.pl\/index.php\/wp-json\/wp\/v2\/pages"}],"about":[{"href":"https:\/\/www.inpar.pl\/index.php\/wp-json\/wp\/v2\/types\/page"}],"author":[{"embeddable":true,"href":"https:\/\/www.inpar.pl\/index.php\/wp-json\/wp\/v2\/users\/3"}],"replies":[{"embeddable":true,"href":"https:\/\/www.inpar.pl\/index.php\/wp-json\/wp\/v2\/comments?post=139"}],"version-history":[{"count":147,"href":"https:\/\/www.inpar.pl\/index.php\/wp-json\/wp\/v2\/pages\/139\/revisions"}],"predecessor-version":[{"id":5684,"href":"https:\/\/www.inpar.pl\/index.php\/wp-json\/wp\/v2\/pages\/139\/revisions\/5684"}],"wp:attachment":[{"href":"https:\/\/www.inpar.pl\/index.php\/wp-json\/wp\/v2\/media?parent=139"}],"curies":[{"name":"wp","href":"https:\/\/api.w.org\/{rel}","templated":true}]}}